{"id":2633,"date":"2023-06-25T11:13:46","date_gmt":"2023-06-25T15:13:46","guid":{"rendered":"https:\/\/eickelbergfortreasurer.com\/?page_id=2633"},"modified":"2023-08-13T20:27:44","modified_gmt":"2023-08-14T00:27:44","slug":"get-involved","status":"publish","type":"page","link":"https:\/\/eickelbergfortreasurer.com\/vi\/get-involved\/","title":{"rendered":"Tham gia"},"content":{"rendered":"<section class=\"wpb-content-wrapper\"><div class=\"cp-section vc_row wpb_row vc_row-fluid\"><div class=\"wpb_column vc_column_container vc_col-sm-12\"><div class=\"vc_column-inner\"><div class=\"wpb_wrapper\"><\/div><\/div><\/div><\/div><div class=\"cp-section vc_row wpb_row vc_row-fluid\"><div class=\"wpb_column vc_column_container vc_col-sm-2\"><div class=\"vc_column-inner\"><div class=\"wpb_wrapper\"><\/div><\/div><\/div><div class=\"wpb_column vc_column_container vc_col-sm-8\"><div class=\"vc_column-inner\"><div class=\"wpb_wrapper\"><h2 style=\"color: #dd1a1a;text-align: left\" class=\"vc_custom_heading\" >Tham gia<\/h2><h5 style=\"color: #3a3a3a;text-align: left\" class=\"vc_custom_heading\" >Tr\u1edf th\u00e0nh t\u00ecnh nguy\u1ec7n vi\u00ean c\u1ee7a Henry Eickelberg! \u0110i\u1ec1n v\u00e0o m\u1eabu d\u01b0\u1edbi \u0111\u00e2y.<\/h5>\n\t<div class=\"wpb_text_column wpb_content_element\" >\n\t\t<div class=\"wpb_wrapper\">\n\t\t\t<p style=\"text-align: left;\"><img loading=\"lazy\" decoding=\"async\" class=\"size-medium wp-image-2790 alignright\" src=\"https:\/\/eickelbergfortreasurer.com\/wp-content\/uploads\/2023\/08\/Screen-Shot-2023-08-13-at-8.26.37-PM-204x300.png\" alt=\"\" width=\"204\" height=\"300\" srcset=\"https:\/\/eickelbergfortreasurer.com\/wp-content\/uploads\/2023\/08\/Screen-Shot-2023-08-13-at-8.26.37-PM-204x300.png 204w, https:\/\/eickelbergfortreasurer.com\/wp-content\/uploads\/2023\/08\/Screen-Shot-2023-08-13-at-8.26.37-PM-696x1024.png 696w, https:\/\/eickelbergfortreasurer.com\/wp-content\/uploads\/2023\/08\/Screen-Shot-2023-08-13-at-8.26.37-PM-768x1131.png 768w, https:\/\/eickelbergfortreasurer.com\/wp-content\/uploads\/2023\/08\/Screen-Shot-2023-08-13-at-8.26.37-PM-600x883.png 600w, https:\/\/eickelbergfortreasurer.com\/wp-content\/uploads\/2023\/08\/Screen-Shot-2023-08-13-at-8.26.37-PM.png 792w\" sizes=\"auto, (max-width: 204px) 100vw, 204px\" \/>Ch\u1ec9 th\u00f4ng qua nh\u1eefng t\u00ecnh nguy\u1ec7n vi\u00ean t\u1ed1t b\u1ee5ng nh\u01b0 b\u1ea1n, ch\u00fang t\u00f4i m\u1edbi c\u00f3 th\u1ec3 t\u1ea1o ra t\u00e1c \u0111\u1ed9ng b\u1eb1ng c\u00e1ch truy\u1ec1n b\u00e1 th\u00f4ng \u0111i\u1ec7p, trao t\u1eb7ng bi\u1ec3n hi\u1ec7u, t\u1ed5 ch\u1ee9c c\u00e1c bu\u1ed5i g\u1eb7p m\u1eb7t v\u00e0 ti\u1ebfp c\u1eadn t\u1ea5t c\u1ea3 c\u1ed9ng \u0111\u1ed3ng tuy\u1ec7t v\u1eddi c\u1ee7a Loudoun \u0111\u1ec3 cho h\u1ecd bi\u1ebft t\u1ea7m quan tr\u1ecdng c\u1ee7a m\u1ed7i c\u1ed9ng \u0111\u1ed3ng trong ti\u1ebfn tr\u00ecnh d\u00e2n ch\u1ee7.<\/p>\n<p style=\"text-align: left;\">V\u00ec v\u1eady, ch\u00fang ta h\u00e3y c\u00f9ng nhau x\u00e2y d\u1ef1ng m\u1ed9t c\u1ed9ng \u0111\u1ed3ng \u0111o\u00e0n k\u1ebft, v\u1eefng m\u1ea1nh h\u01b0\u1edbng t\u1edbi t\u01b0\u01a1ng lai t\u01b0\u01a1i s\u00e1ng h\u01a1n cho t\u1ea5t c\u1ea3 m\u1ecdi ng\u01b0\u1eddi.<\/p>\n\n\t\t<\/div>\n\t<\/div>\n<div class=\"vc_separator wpb_content_element vc_separator_align_center vc_sep_width_100 vc_sep_pos_align_center vc_separator_no_text vc_sep_color_white\" ><span class=\"vc_sep_holder vc_sep_holder_l\"><span class=\"vc_sep_line\"><\/span><\/span><span class=\"vc_sep_holder vc_sep_holder_r\"><span class=\"vc_sep_line\"><\/span><\/span>\n<\/div>\r\n\t\t<blockquote class=\"cp-blockquote with-bg-2\">\r\n\t\t\t\t\t\t\t<p><strong>H\u00e3y d\u00e0nh m\u1ed9t ph\u00fat v\u00e0 cho t\u00f4i bi\u1ebft r\u1eb1ng b\u1ea1n \u0111\u00e3 s\u1eb5n s\u00e0ng tham gia, d\u00f9 ch\u1ec9 l\u00e0 m\u1ed9t ph\u1ea7n nh\u1ecf. T\u00f4i th\u1ef1c s\u1ef1 tr\u00e2n tr\u1ecdng \u0111i\u1ec1u \u0111\u00f3 v\u00e0 t\u00f4i r\u1ea5t mong \u0111\u01b0\u1ee3c l\u00e0m vi\u1ec7c v\u1edbi b\u1ea1n \u0111\u1ec3 t\u1ea1o n\u00ean s\u1ef1 kh\u00e1c bi\u1ec7t!<\/strong><\/p>\r\n\t\t\t\t\t\t\r\n\t\t\t\t\t\t\r\n\t\t<\/blockquote>\t\r\n\t\t\r\n\t\t<\/div><\/div><\/div><div class=\"wpb_column vc_column_container vc_col-sm-2\"><div class=\"vc_column-inner\"><div class=\"wpb_wrapper\"><\/div><\/div><\/div><\/div><div class=\"cp-section vc_row wpb_row vc_row-fluid\"><div class=\"wpb_column vc_column_container vc_col-sm-2\"><div class=\"vc_column-inner\"><div class=\"wpb_wrapper\"><\/div><\/div><\/div><div class=\"wpb_column vc_column_container vc_col-sm-8\"><div class=\"vc_column-inner\"><div class=\"wpb_wrapper\"><div class=\"wpforms-container wpforms-container-full wpforms-render-modern\" id=\"wpforms-2629\"><form id=\"wpforms-form-2629\" class=\"wpforms-validate wpforms-form wpforms-ajax-form\" data-formid=\"2629\" method=\"post\" enctype=\"multipart\/form-data\" action=\"\/vi\/wp-json\/wp\/v2\/pages\/2633\" data-token=\"602b9ddae01479492db47b618e5db492\" data-token-time=\"1775393790\" data-trp-original-action=\"\/vi\/wp-json\/wp\/v2\/pages\/2633\"><noscript class=\"wpforms-error-noscript\">Vui l\u00f2ng b\u1eadt JavaScript trong tr\u00ecnh duy\u1ec7t c\u1ee7a b\u1ea1n \u0111\u1ec3 ho\u00e0n th\u00e0nh Form n\u00e0y.<\/noscript><div class=\"wpforms-hidden\" id=\"wpforms-error-noscript\">Vui l\u00f2ng b\u1eadt JavaScript trong tr\u00ecnh duy\u1ec7t c\u1ee7a b\u1ea1n \u0111\u1ec3 ho\u00e0n th\u00e0nh Form n\u00e0y.<\/div><div class=\"wpforms-field-container\"><div id=\"wpforms-2629-field_3-container\" class=\"wpforms-field wpforms-field-name\" data-field-id=\"3\"><fieldset><legend class=\"wpforms-field-label\">T\u00ean <span class=\"wpforms-required-label\" aria-hidden=\"true\">*<\/span><\/legend><div class=\"wpforms-field-row wpforms-field-medium\"><div class=\"wpforms-field-row-block wpforms-first wpforms-one-half\"><input type=\"text\" id=\"wpforms-2629-field_3\" class=\"wpforms-field-name-first wpforms-field-required\" name=\"wpforms[fields][3][first]\" aria-errormessage=\"wpforms-2629-field_3-error\" required><label for=\"wpforms-2629-field_3\" class=\"wpforms-field-sublabel after\">T\u00ean<\/label><\/div><div class=\"wpforms-field-row-block wpforms-one-half\"><input type=\"text\" id=\"wpforms-2629-field_3-last\" class=\"wpforms-field-name-last wpforms-field-required\" name=\"wpforms[fields][3][last]\" aria-errormessage=\"wpforms-2629-field_3-last-error\" required><label for=\"wpforms-2629-field_3-last\" class=\"wpforms-field-sublabel after\">H\u1ecd<\/label><\/div><\/div><\/fieldset><\/div><div id=\"wpforms-2629-field_4-container\" class=\"wpforms-field wpforms-field-email\" data-field-id=\"4\"><label class=\"wpforms-field-label\" for=\"wpforms-2629-field_4\">E-mail <span class=\"wpforms-required-label\" aria-hidden=\"true\">*<\/span><\/label><input type=\"email\" id=\"wpforms-2629-field_4\" class=\"wpforms-field-medium wpforms-field-required\" name=\"wpforms[fields][4]\" spellcheck=\"false\" aria-errormessage=\"wpforms-2629-field_4-error\" required><\/div><div id=\"wpforms-2629-field_6-container\" class=\"wpforms-field wpforms-field-phone\" data-field-id=\"6\"><label class=\"wpforms-field-label\" for=\"wpforms-2629-field_6\">\u0110i\u1ec7n tho\u1ea1i <span class=\"wpforms-required-label\" aria-hidden=\"true\">*<\/span><\/label><input type=\"tel\" id=\"wpforms-2629-field_6\" class=\"wpforms-field-medium wpforms-field-required wpforms-smart-phone-field\" data-rule-smart-phone-field=\"true\" name=\"wpforms[fields][6]\" aria-label=\"\u0110i\u1ec7n tho\u1ea1i\" aria-errormessage=\"wpforms-2629-field_6-error\" required><\/div><div id=\"wpforms-2629-field_7-container\" class=\"wpforms-field wpforms-field-checkbox wpforms-list-inline\" data-field-id=\"7\"><fieldset><legend class=\"wpforms-field-label\">H\u00e3y ki\u1ec3m tra c\u00e1c c\u01a1 h\u1ed9i t\u00ecnh nguy\u1ec7n m\u00e0 b\u1ea1n quan t\u00e2m!  <span class=\"wpforms-required-label\" aria-hidden=\"true\">*<\/span><\/legend><ul id=\"wpforms-2629-field_7\" class=\"wpforms-field-required wpforms-icon-choices wpforms-icon-choices-default wpforms-icon-choices-large\" style=\"--wpforms-icon-choices-color: #066aab;\"><li class=\"choice-1 depth-1 wpforms-icon-choices-item\"><label class=\"wpforms-field-label-inline\" for=\"wpforms-2629-field_7_1\">\n\t\t\t\t<span class=\"wpforms-icon-choices-icon\">\n\t\t\t\t\t<svg xmlns=\"http:\/\/www.w3.org\/2000\/svg\" width=\"80\" height=\"64px\" viewbox=\"0 0 576 512\"><!--! Font Awesome Free 6.4.0 by @fontawesome - https:\/\/fontawesome.com License - https:\/\/fontawesome.com\/license\/free (Icons: CC BY 4.0, Fonts: SIL OFL 1.1, Code: MIT License) Copyright 2023 Fonticons, Inc. --><path d=\"M320 32c0-9.9-4.5-19.2-12.3-25.2S289.8-1.4 280.2 1l-179.9 45C79 51.3 64 70.5 64 92.5V448H32c-17.7 0-32 14.3-32 32s14.3 32 32 32H96 288h32V480 32zM256 256c0 17.7-10.7 32-24 32s-24-14.3-24-32s10.7-32 24-32s24 14.3 24 32zm96-128h96V480c0 17.7 14.3 32 32 32h64c17.7 0 32-14.3 32-32s-14.3-32-32-32H512V128c0-35.3-28.7-64-64-64H352v64z\"\/><\/svg>\n\t\t\t\t\t<span class=\"wpforms-icon-choices-icon-bg\"><\/span>\n\t\t\t\t<\/span>\n\t\t\t\t<input type=\"checkbox\" id=\"wpforms-2629-field_7_1\" class=\"wpforms-screen-reader-element\" name=\"wpforms[fields][7][]\" value=\"Knock Doors\" aria-errormessage=\"wpforms-2629-field_7_1-error\" required>\n\t\t\t\t<span class=\"wpforms-icon-choices-label\">G\u00f5 c\u1eeda<\/span>\n\t\t\t<\/label><\/li><li class=\"choice-2 depth-1 wpforms-icon-choices-item\"><label class=\"wpforms-field-label-inline\" for=\"wpforms-2629-field_7_2\">\n\t\t\t\t<span class=\"wpforms-icon-choices-icon\">\n\t\t\t\t\t<svg xmlns=\"http:\/\/www.w3.org\/2000\/svg\" width=\"80\" height=\"64px\" viewbox=\"0 0 640 512\"><!--! Font Awesome Free 6.4.0 by @fontawesome - https:\/\/fontawesome.com License - https:\/\/fontawesome.com\/license\/free (Icons: CC BY 4.0, Fonts: SIL OFL 1.1, Code: MIT License) Copyright 2023 Fonticons, Inc. --><path d=\"M171.3 96H224v96H111.3l30.4-75.9C146.5 104 158.2 96 171.3 96zM272 192V96h81.2c9.7 0 18.9 4.4 25 12l67.2 84H272zm256.2 1L428.2 68c-18.2-22.8-45.8-36-75-36H171.3c-39.3 0-74.6 23.9-89.1 60.3L40.6 196.4C16.8 205.8 0 228.9 0 256V368c0 17.7 14.3 32 32 32H65.3c7.6 45.4 47.1 80 94.7 80s87.1-34.6 94.7-80H385.3c7.6 45.4 47.1 80 94.7 80s87.1-34.6 94.7-80H608c17.7 0 32-14.3 32-32V320c0-65.2-48.8-119-111.8-127zM434.7 368a48 48 0 1 1 90.5 32 48 48 0 1 1 -90.5-32zM160 336a48 48 0 1 1 0 96 48 48 0 1 1 0-96z\"\/><\/svg>\n\t\t\t\t\t<span class=\"wpforms-icon-choices-icon-bg\"><\/span>\n\t\t\t\t<\/span>\n\t\t\t\t<input type=\"checkbox\" id=\"wpforms-2629-field_7_2\" class=\"wpforms-screen-reader-element\" name=\"wpforms[fields][7][]\" value=\"Deliver Yard Signs\" aria-errormessage=\"wpforms-2629-field_7_2-error\" required>\n\t\t\t\t<span class=\"wpforms-icon-choices-label\">Giao bi\u1ec3n b\u00e1o s\u00e2n<\/span>\n\t\t\t<\/label><\/li><li class=\"choice-3 depth-1 wpforms-icon-choices-item\"><label class=\"wpforms-field-label-inline\" for=\"wpforms-2629-field_7_3\">\n\t\t\t\t<span class=\"wpforms-icon-choices-icon\">\n\t\t\t\t\t<svg xmlns=\"http:\/\/www.w3.org\/2000\/svg\" width=\"80\" height=\"64px\" viewbox=\"0 0 512 512\"><!--! Font Awesome Free 6.4.0 by @fontawesome - https:\/\/fontawesome.com License - https:\/\/fontawesome.com\/license\/free (Icons: CC BY 4.0, Fonts: SIL OFL 1.1, Code: MIT License) Copyright 2023 Fonticons, Inc. --><path d=\"M164.9 24.6c-7.7-18.6-28-28.5-47.4-23.2l-88 24C12.1 30.2 0 46 0 64C0 311.4 200.6 512 448 512c18 0 33.8-12.1 38.6-29.5l24-88c5.3-19.4-4.6-39.7-23.2-47.4l-96-40c-16.3-6.8-35.2-2.1-46.3 11.6L304.7 368C234.3 334.7 177.3 277.7 144 207.3L193.3 167c13.7-11.2 18.4-30 11.6-46.3l-40-96z\"\/><\/svg>\n\t\t\t\t\t<span class=\"wpforms-icon-choices-icon-bg\"><\/span>\n\t\t\t\t<\/span>\n\t\t\t\t<input type=\"checkbox\" id=\"wpforms-2629-field_7_3\" class=\"wpforms-screen-reader-element\" name=\"wpforms[fields][7][]\" value=\"Make Calls\" aria-errormessage=\"wpforms-2629-field_7_3-error\" required>\n\t\t\t\t<span class=\"wpforms-icon-choices-label\">Th\u1ef1c hi\u1ec7n cu\u1ed9c g\u1ecdi<\/span>\n\t\t\t<\/label><\/li><li class=\"choice-4 depth-1 wpforms-icon-choices-item\"><label class=\"wpforms-field-label-inline\" for=\"wpforms-2629-field_7_4\">\n\t\t\t\t<span class=\"wpforms-icon-choices-icon\">\n\t\t\t\t\t<svg xmlns=\"http:\/\/www.w3.org\/2000\/svg\" width=\"80\" height=\"64px\" viewbox=\"0 0 448 512\"><!--! Font Awesome Free 6.4.0 by @fontawesome - https:\/\/fontawesome.com License - https:\/\/fontawesome.com\/license\/free (Icons: CC BY 4.0, Fonts: SIL OFL 1.1, Code: MIT License) Copyright 2023 Fonticons, Inc. --><path d=\"M152 24c0-13.3-10.7-24-24-24s-24 10.7-24 24V64H64C28.7 64 0 92.7 0 128v16 48V448c0 35.3 28.7 64 64 64H384c35.3 0 64-28.7 64-64V192 144 128c0-35.3-28.7-64-64-64H344V24c0-13.3-10.7-24-24-24s-24 10.7-24 24V64H152V24zM48 192H400V448c0 8.8-7.2 16-16 16H64c-8.8 0-16-7.2-16-16V192z\"\/><\/svg>\n\t\t\t\t\t<span class=\"wpforms-icon-choices-icon-bg\"><\/span>\n\t\t\t\t<\/span>\n\t\t\t\t<input type=\"checkbox\" id=\"wpforms-2629-field_7_4\" class=\"wpforms-screen-reader-element\" name=\"wpforms[fields][7][]\" value=\"Host a Fundraiser\" aria-errormessage=\"wpforms-2629-field_7_4-error\" required>\n\t\t\t\t<span class=\"wpforms-icon-choices-label\">T\u1ed5 ch\u1ee9c g\u00e2y qu\u1ef9<\/span>\n\t\t\t<\/label><\/li><li class=\"choice-7 depth-1 wpforms-icon-choices-item\"><label class=\"wpforms-field-label-inline\" for=\"wpforms-2629-field_7_7\">\n\t\t\t\t<span class=\"wpforms-icon-choices-icon\">\n\t\t\t\t\t<svg xmlns=\"http:\/\/www.w3.org\/2000\/svg\" width=\"80\" height=\"64px\" viewbox=\"0 0 640 512\"><!--! Font Awesome Free 6.4.0 by @fontawesome - https:\/\/fontawesome.com License - https:\/\/fontawesome.com\/license\/free (Icons: CC BY 4.0, Fonts: SIL OFL 1.1, Code: MIT License) Copyright 2023 Fonticons, Inc. --><path d=\"M384 96V320H64L64 96H384zM64 32C28.7 32 0 60.7 0 96V320c0 35.3 28.7 64 64 64H181.3l-10.7 32H96c-17.7 0-32 14.3-32 32s14.3 32 32 32H352c17.7 0 32-14.3 32-32s-14.3-32-32-32H277.3l-10.7-32H384c35.3 0 64-28.7 64-64V96c0-35.3-28.7-64-64-64H64zm464 0c-26.5 0-48 21.5-48 48V432c0 26.5 21.5 48 48 48h64c26.5 0 48-21.5 48-48V80c0-26.5-21.5-48-48-48H528zm16 64h32c8.8 0 16 7.2 16 16s-7.2 16-16 16H544c-8.8 0-16-7.2-16-16s7.2-16 16-16zm-16 80c0-8.8 7.2-16 16-16h32c8.8 0 16 7.2 16 16s-7.2 16-16 16H544c-8.8 0-16-7.2-16-16zm32 160a32 32 0 1 1 0 64 32 32 0 1 1 0-64z\"\/><\/svg>\n\t\t\t\t\t<span class=\"wpforms-icon-choices-icon-bg\"><\/span>\n\t\t\t\t<\/span>\n\t\t\t\t<input type=\"checkbox\" id=\"wpforms-2629-field_7_7\" class=\"wpforms-screen-reader-element\" name=\"wpforms[fields][7][]\" value=\"Share Social Media\" aria-errormessage=\"wpforms-2629-field_7_7-error\" required>\n\t\t\t\t<span class=\"wpforms-icon-choices-label\">Chia s\u1ebb ph\u01b0\u01a1ng ti\u1ec7n truy\u1ec1n th\u00f4ng x\u00e3 h\u1ed9i<\/span>\n\t\t\t<\/label><\/li><li class=\"choice-5 depth-1 wpforms-icon-choices-item\"><label class=\"wpforms-field-label-inline\" for=\"wpforms-2629-field_7_5\">\n\t\t\t\t<span class=\"wpforms-icon-choices-icon\">\n\t\t\t\t\t<svg xmlns=\"http:\/\/www.w3.org\/2000\/svg\" width=\"80\" height=\"64px\" viewbox=\"0 0 640 512\"><!--! Font Awesome Free 6.4.0 by @fontawesome - https:\/\/fontawesome.com License - https:\/\/fontawesome.com\/license\/free (Icons: CC BY 4.0, Fonts: SIL OFL 1.1, Code: MIT License) Copyright 2023 Fonticons, Inc. --><path d=\"M272.2 64.6l-51.1 51.1c-15.3 4.2-29.5 11.9-41.5 22.5L153 161.9C142.8 171 129.5 176 115.8 176H96V304c20.4 .6 39.8 8.9 54.3 23.4l35.6 35.6 7 7 0 0L219.9 397c6.2 6.2 16.4 6.2 22.6 0c1.7-1.7 3-3.7 3.7-5.8c2.8-7.7 9.3-13.5 17.3-15.3s16.4 .6 22.2 6.5L296.5 393c11.6 11.6 30.4 11.6 41.9 0c5.4-5.4 8.3-12.3 8.6-19.4c.4-8.8 5.6-16.6 13.6-20.4s17.3-3 24.4 2.1c9.4 6.7 22.5 5.8 30.9-2.6c9.4-9.4 9.4-24.6 0-33.9L340.1 243l-35.8 33c-27.3 25.2-69.2 25.6-97 .9c-31.7-28.2-32.4-77.4-1.6-106.5l70.1-66.2C303.2 78.4 339.4 64 377.1 64c36.1 0 71 13.3 97.9 37.2L505.1 128H544h40 40c8.8 0 16 7.2 16 16V352c0 17.7-14.3 32-32 32H576c-11.8 0-22.2-6.4-27.7-16H463.4c-3.4 6.7-7.9 13.1-13.5 18.7c-17.1 17.1-40.8 23.8-63 20.1c-3.6 7.3-8.5 14.1-14.6 20.2c-27.3 27.3-70 30-100.4 8.1c-25.1 20.8-62.5 19.5-86-4.1L159 404l-7-7-35.6-35.6c-5.5-5.5-12.7-8.7-20.4-9.3C96 369.7 81.6 384 64 384H32c-17.7 0-32-14.3-32-32V144c0-8.8 7.2-16 16-16H56 96h19.8c2 0 3.9-.7 5.3-2l26.5-23.6C175.5 77.7 211.4 64 248.7 64H259c4.4 0 8.9 .2 13.2 .6zM544 320V176H496c-5.9 0-11.6-2.2-15.9-6.1l-36.9-32.8c-18.2-16.2-41.7-25.1-66.1-25.1c-25.4 0-49.8 9.7-68.3 27.1l-70.1 66.2c-10.3 9.8-10.1 26.3 .5 35.7c9.3 8.3 23.4 8.1 32.5-.3l71.9-66.4c9.7-9 24.9-8.4 33.9 1.4s8.4 24.9-1.4 33.9l-.8 .8 74.4 74.4c10 10 16.5 22.3 19.4 35.1H544zM64 336a16 16 0 1 0 -32 0 16 16 0 1 0 32 0zm528 16a16 16 0 1 0 0-32 16 16 0 1 0 0 32z\"\/><\/svg>\n\t\t\t\t\t<span class=\"wpforms-icon-choices-icon-bg\"><\/span>\n\t\t\t\t<\/span>\n\t\t\t\t<input type=\"checkbox\" id=\"wpforms-2629-field_7_5\" class=\"wpforms-screen-reader-element\" name=\"wpforms[fields][7][]\" value=\"Host a Meet &amp; Greet\" aria-errormessage=\"wpforms-2629-field_7_5-error\" required>\n\t\t\t\t<span class=\"wpforms-icon-choices-label\">T\u1ed5 ch\u1ee9c m\u1ed9t bu\u1ed5i g\u1eb7p g\u1ee1 v\u00e0 ch\u00e0o h\u1ecfi<\/span>\n\t\t\t<\/label><\/li><li class=\"choice-6 depth-1 wpforms-icon-choices-item\"><label class=\"wpforms-field-label-inline\" for=\"wpforms-2629-field_7_6\">\n\t\t\t\t<span class=\"wpforms-icon-choices-icon\">\n\t\t\t\t\t<svg xmlns=\"http:\/\/www.w3.org\/2000\/svg\" width=\"80\" height=\"64px\" viewbox=\"0 0 512 512\"><!--! Font Awesome Free 6.4.0 by @fontawesome - https:\/\/fontawesome.com License - https:\/\/fontawesome.com\/license\/free (Icons: CC BY 4.0, Fonts: SIL OFL 1.1, Code: MIT License) Copyright 2023 Fonticons, Inc. --><path d=\"M471.6 21.7c-21.9-21.9-57.3-21.9-79.2 0L362.3 51.7l97.9 97.9 30.1-30.1c21.9-21.9 21.9-57.3 0-79.2L471.6 21.7zm-299.2 220c-6.1 6.1-10.8 13.6-13.5 21.9l-29.6 88.8c-2.9 8.6-.6 18.1 5.8 24.6s15.9 8.7 24.6 5.8l88.8-29.6c8.2-2.7 15.7-7.4 21.9-13.5L437.7 172.3 339.7 74.3 172.4 241.7zM96 64C43 64 0 107 0 160V416c0 53 43 96 96 96H352c53 0 96-43 96-96V320c0-17.7-14.3-32-32-32s-32 14.3-32 32v96c0 17.7-14.3 32-32 32H96c-17.7 0-32-14.3-32-32V160c0-17.7 14.3-32 32-32h96c17.7 0 32-14.3 32-32s-14.3-32-32-32H96z\"\/><\/svg>\n\t\t\t\t\t<span class=\"wpforms-icon-choices-icon-bg\"><\/span>\n\t\t\t\t<\/span>\n\t\t\t\t<input type=\"checkbox\" id=\"wpforms-2629-field_7_6\" class=\"wpforms-screen-reader-element\" name=\"wpforms[fields][7][]\" value=\"Write Post Cards\" aria-errormessage=\"wpforms-2629-field_7_6-error\" required>\n\t\t\t\t<span class=\"wpforms-icon-choices-label\">Vi\u1ebft B\u01b0u Thi\u1ebfp<\/span>\n\t\t\t<\/label><\/li><li class=\"choice-9 depth-1 wpforms-icon-choices-item\"><label class=\"wpforms-field-label-inline\" for=\"wpforms-2629-field_7_9\">\n\t\t\t\t<span class=\"wpforms-icon-choices-icon\">\n\t\t\t\t\t<svg xmlns=\"http:\/\/www.w3.org\/2000\/svg\" width=\"80\" height=\"64px\" viewbox=\"0 0 512 512\"><!--! Font Awesome Free 6.4.0 by @fontawesome - https:\/\/fontawesome.com License - https:\/\/fontawesome.com\/license\/free (Icons: CC BY 4.0, Fonts: SIL OFL 1.1, Code: MIT License) Copyright 2023 Fonticons, Inc. --><path d=\"M480 32c0-12.9-7.8-24.6-19.8-29.6s-25.7-2.2-34.9 6.9L381.7 53c-48 48-113.1 75-181 75H192 160 64c-35.3 0-64 28.7-64 64v96c0 35.3 28.7 64 64 64l0 128c0 17.7 14.3 32 32 32h64c17.7 0 32-14.3 32-32V352l8.7 0c67.9 0 133 27 181 75l43.6 43.6c9.2 9.2 22.9 11.9 34.9 6.9s19.8-16.6 19.8-29.6V300.4c18.6-8.8 32-32.5 32-60.4s-13.4-51.6-32-60.4V32zm-64 76.7V240 371.3C357.2 317.8 280.5 288 200.7 288H192V192h8.7c79.8 0 156.5-29.8 215.3-83.3z\"\/><\/svg>\n\t\t\t\t\t<span class=\"wpforms-icon-choices-icon-bg\"><\/span>\n\t\t\t\t<\/span>\n\t\t\t\t<input type=\"checkbox\" id=\"wpforms-2629-field_7_9\" class=\"wpforms-screen-reader-element\" name=\"wpforms[fields][7][]\" value=\"Request a Speaker\" aria-errormessage=\"wpforms-2629-field_7_9-error\" required>\n\t\t\t\t<span class=\"wpforms-icon-choices-label\">Y\u00eau c\u1ea7u m\u1ed9t di\u1ec5n gi\u1ea3<\/span>\n\t\t\t<\/label><\/li><li class=\"choice-8 depth-1 wpforms-icon-choices-item\"><label class=\"wpforms-field-label-inline\" for=\"wpforms-2629-field_7_8\">\n\t\t\t\t<span class=\"wpforms-icon-choices-icon\">\n\t\t\t\t\t<svg xmlns=\"http:\/\/www.w3.org\/2000\/svg\" width=\"80\" height=\"64px\" viewbox=\"0 0 576 512\"><!--! Font Awesome Free 6.4.0 by @fontawesome - https:\/\/fontawesome.com License - https:\/\/fontawesome.com\/license\/free (Icons: CC BY 4.0, Fonts: SIL OFL 1.1, Code: MIT License) Copyright 2023 Fonticons, Inc. --><path d=\"M288 0H400c8.8 0 16 7.2 16 16V80c0 8.8-7.2 16-16 16H320.7l89.6 64H512c35.3 0 64 28.7 64 64V448c0 35.3-28.7 64-64 64H336V400c0-26.5-21.5-48-48-48s-48 21.5-48 48V512H64c-35.3 0-64-28.7-64-64V224c0-35.3 28.7-64 64-64H165.7L256 95.5V32c0-17.7 14.3-32 32-32zm48 240a48 48 0 1 0 -96 0 48 48 0 1 0 96 0zM80 224c-8.8 0-16 7.2-16 16v64c0 8.8 7.2 16 16 16h32c8.8 0 16-7.2 16-16V240c0-8.8-7.2-16-16-16H80zm368 16v64c0 8.8 7.2 16 16 16h32c8.8 0 16-7.2 16-16V240c0-8.8-7.2-16-16-16H464c-8.8 0-16 7.2-16 16zM80 352c-8.8 0-16 7.2-16 16v64c0 8.8 7.2 16 16 16h32c8.8 0 16-7.2 16-16V368c0-8.8-7.2-16-16-16H80zm384 0c-8.8 0-16 7.2-16 16v64c0 8.8 7.2 16 16 16h32c8.8 0 16-7.2 16-16V368c0-8.8-7.2-16-16-16H464z\"\/><\/svg>\n\t\t\t\t\t<span class=\"wpforms-icon-choices-icon-bg\"><\/span>\n\t\t\t\t<\/span>\n\t\t\t\t<input type=\"checkbox\" id=\"wpforms-2629-field_7_8\" class=\"wpforms-screen-reader-element\" name=\"wpforms[fields][7][]\" value=\"Intern\" aria-errormessage=\"wpforms-2629-field_7_8-error\" required>\n\t\t\t\t<span class=\"wpforms-icon-choices-label\">Th\u1ef1c t\u1eadp sinh<\/span>\n\t\t\t<\/label><\/li><\/ul><\/fieldset><\/div><\/div><!-- .wpforms-field-container --><div class=\"wpforms-submit-container\" ><input type=\"hidden\" name=\"wpforms[id]\" value=\"2629\"><input type=\"hidden\" name=\"page_title\" value=\"\"><input type=\"hidden\" name=\"page_url\" value=\"https:\/\/eickelbergfortreasurer.com\/vi\/wp-json\/wp\/v2\/pages\/2633\"><button type=\"submit\" name=\"wpforms[submit]\" id=\"wpforms-submit-2629\" class=\"wpforms-submit\" data-alt-text=\"Sending...\" data-submit-text=\"Submit\" aria-live=\"assertive\" value=\"wpforms-submit\">N\u1ed9p<\/button><img loading=\"lazy\" decoding=\"async\" src=\"https:\/\/eickelbergfortreasurer.com\/wp-content\/plugins\/wpforms\/assets\/images\/submit-spin.svg\" class=\"wpforms-submit-spinner\" style=\"display: none;\" width=\"26\" height=\"26\" alt=\"\u0110ang t\u1ea3i\"><\/div><input type=\"hidden\" name=\"trp-form-language\" value=\"vi\"\/><\/form><\/div>  <!-- .wpforms-container --><\/div><\/div><\/div><div class=\"wpb_column vc_column_container vc_col-sm-2\"><div class=\"vc_column-inner\"><div class=\"wpb_wrapper\"><\/div><\/div><\/div><\/div>\n<\/section>","protected":false},"excerpt":{"rendered":"Get InvolvedBecome a Henry Eickelberg volunteer! Fill out the form below. It\u2019s only through gracious volunteers like you that we are able to make an impact by spreading our message, [...]","protected":false},"author":3,"featured_media":0,"parent":0,"menu_order":0,"comment_status":"closed","ping_status":"closed","template":"","meta":{"footnotes":""},"class_list":["post-2633","page","type-page","status-publish","hentry"],"_links":{"self":[{"href":"https:\/\/eickelbergfortreasurer.com\/vi\/wp-json\/wp\/v2\/pages\/2633","targetHints":{"allow":["GET"]}}],"collection":[{"href":"https:\/\/eickelbergfortreasurer.com\/vi\/wp-json\/wp\/v2\/pages"}],"about":[{"href":"https:\/\/eickelbergfortreasurer.com\/vi\/wp-json\/wp\/v2\/types\/page"}],"author":[{"embeddable":true,"href":"https:\/\/eickelbergfortreasurer.com\/vi\/wp-json\/wp\/v2\/users\/3"}],"replies":[{"embeddable":true,"href":"https:\/\/eickelbergfortreasurer.com\/vi\/wp-json\/wp\/v2\/comments?post=2633"}],"version-history":[{"count":30,"href":"https:\/\/eickelbergfortreasurer.com\/vi\/wp-json\/wp\/v2\/pages\/2633\/revisions"}],"predecessor-version":[{"id":2791,"href":"https:\/\/eickelbergfortreasurer.com\/vi\/wp-json\/wp\/v2\/pages\/2633\/revisions\/2791"}],"wp:attachment":[{"href":"https:\/\/eickelbergfortreasurer.com\/vi\/wp-json\/wp\/v2\/media?parent=2633"}],"curies":[{"name":"wp","href":"https:\/\/api.w.org\/{rel}","templated":true}]}}