{"id":2306,"date":"2023-06-21T17:49:16","date_gmt":"2023-06-21T21:49:16","guid":{"rendered":"https:\/\/eickelbergfortreasurer.com\/?page_id=2306"},"modified":"2023-06-25T12:39:16","modified_gmt":"2023-06-25T16:39:16","slug":"priorities","status":"publish","type":"page","link":"https:\/\/eickelbergfortreasurer.com\/vi\/priorities\/","title":{"rendered":"\u01afu ti\u00ean"},"content":{"rendered":"<section class=\"wpb-content-wrapper\"><div class=\"cp-section vc_row wpb_row vc_row-fluid\"><div class=\"wpb_column vc_column_container vc_col-sm-12\"><div class=\"vc_column-inner\"><div class=\"wpb_wrapper\"><h2 style=\"text-align: left\" class=\"vc_custom_heading\" >Cam k\u1ebft v\u1edbi Loudoun<\/h2><div class=\"vc_empty_space\"   style=\"height: 10px\"><span class=\"vc_empty_space_inner\"><\/span><\/div>\n\t<div class=\"wpb_text_column wpb_content_element\" >\n\t\t<div class=\"wpb_wrapper\">\n\t\t\t<p>T\u00f4i \u0111ang \u1ee9ng c\u1eed v\u00e0o v\u1ecb tr\u00ed Th\u1ee7 qu\u1ef9 Qu\u1eadn Loudoun v\u00e0 t\u00f4i r\u1ea5t vui m\u1eebng \u0111\u01b0\u1ee3c chia s\u1ebb n\u1ec1n t\u1ea3ng c\u1ee7a m\u00ecnh v\u1edbi c\u00e1c b\u1ea1n. N\u1ec1n t\u1ea3ng c\u1ee7a t\u00f4i \u0111\u01b0\u1ee3c x\u00e2y d\u1ef1ng tr\u00ean b\u1ed1n tr\u1ee5 c\u1ed9t ch\u00ednh, m\u1ed7i tr\u1ee5 c\u1ed9t \u0111\u1ec1u ph\u1ea3n \u00e1nh cam k\u1ebft c\u1ee7a t\u00f4i trong vi\u1ec7c ph\u1ee5c v\u1ee5 Qu\u1eadn Loudoun v\u1edbi\u00a0<strong><em>s\u1ef1 xu\u1ea5t s\u1eafc, li\u00eam ch\u00ednh v\u00e0 minh b\u1ea1ch<\/em><\/strong>. C\u00e1c tr\u1ee5 c\u1ed9t n\u00e0y bao g\u1ed3m:<\/p>\n\n\t\t<\/div>\n\t<\/div>\n<div class=\"vc_empty_space\"   style=\"height: 10px\"><span class=\"vc_empty_space_inner\"><\/span><\/div><\/div><\/div><\/div><div class=\"wpb_column vc_column_container vc_col-sm-12\"><div class=\"vc_column-inner\"><div class=\"wpb_wrapper\"><div class=\"vc_empty_space\"   style=\"height: 10px\"><span class=\"vc_empty_space_inner\"><\/span><\/div>\r\n\t\t<div class=\"wpb_content_element sp_issues_section\">\r\n\r\n\t\t\t\r\n\t\t\t\t\t\t<div class=\"carousel-type-2 content-element2\">\r\n\t\t\t\t<div class=\"owl-carousel content-element2\" data-max-items=\"4\" data-item-margin=\"30\">\r\n\t\t\t    \t\t\t\t\t\t\t\r\n\t\t\t\t\t<div class=\"item-carousel\">\r\n\t\t\t\t\t<div class=\"issue-item\">\r\n\t\t\t\t\t\r\n\t\t\t\t\t\r\n\t\t\t\t\t\t                        <figure>\r\n\t\t\t\t\t\t<a href=\"https:\/\/eickelbergfortreasurer.com\/vi\/issues\/effective-leadership\/\" alt=\"img\" >\r\n\t\t\t\t\t\t\t<img decoding=\"async\"  src=\"https:\/\/eickelbergfortreasurer.com\/wp-content\/uploads\/2023\/06\/Untitled-design-37-360x260.png\"   alt='Effective Leadership'  \/>\t\t\t\t\t\t<\/a>\r\n                        <\/figure>\r\n\t\t\t\t\t\t\t\t\t\t\t\t\r\n\t\t\t\t\t\t\t<h5 class=\"issue-name\"><a href=\"https:\/\/eickelbergfortreasurer.com\/vi\/issues\/effective-leadership\/\">L\u00e3nh \u0111\u1ea1o hi\u1ec7u qu\u1ea3<\/a><\/h5>\r\n\t\t\t\t\t\t\t\r\n\t\t\t\t\t\t\t\r\n\t\t\t\t\t\t\t<div class=\"cp-member-about\"><p>T\u00f4i c\u00f3 nhi\u1ec1u kinh nghi\u1ec7m gi\u00e1m s\u00e1t c\u00e1c ho\u1ea1t \u0111\u1ed9ng t\u00e0i ch\u00ednh l\u1edbn v\u00e0 ph\u1ee9c t\u1ea1p trong c\u1ea3 ng\u00e0nh c\u00f4ng nghi\u1ec7p v\u00e0 ch\u00ednh ph\u1ee7.<\/p>\n<\/div>\r\n\r\n\t\t\t\t\t\t\t\t\t\t\t\t\t\t\r\n\t\t\t\t\t\t<a href=\"https:\/\/eickelbergfortreasurer.com\/vi\/issues\/effective-leadership\/\" class=\"info-btn\">\u0110\u1ecdc th\u00eam<\/a>\t\t\t\t\t\r\n\t\t\t\t\t<\/div>\r\n\t\t\t\t\t<\/div>\r\n\t\t\t\r\n\t\t\t\t\t\t\t\t\t\t\t\r\n\t\t\t\t\t<div class=\"item-carousel\">\r\n\t\t\t\t\t<div class=\"issue-item\">\r\n\t\t\t\t\t\r\n\t\t\t\t\t\r\n\t\t\t\t\t\t                        <figure>\r\n\t\t\t\t\t\t<a href=\"https:\/\/eickelbergfortreasurer.com\/vi\/issues\/continuous-improvement\/\" alt=\"img\" >\r\n\t\t\t\t\t\t\t<img decoding=\"async\"  src=\"https:\/\/eickelbergfortreasurer.com\/wp-content\/uploads\/2023\/06\/Untitled-design-36-360x260.png\"   alt='Continuous Improvement'  \/>\t\t\t\t\t\t<\/a>\r\n                        <\/figure>\r\n\t\t\t\t\t\t\t\t\t\t\t\t\r\n\t\t\t\t\t\t\t<h5 class=\"issue-name\"><a href=\"https:\/\/eickelbergfortreasurer.com\/vi\/issues\/continuous-improvement\/\">C\u1ea3i ti\u1ebfn li\u00ean t\u1ee5c<\/a><\/h5>\r\n\t\t\t\t\t\t\t\r\n\t\t\t\t\t\t\t\r\n\t\t\t\t\t\t\t<div class=\"cp-member-about\"><p>M\u1ed9t th\u00e0nh ph\u1ea7n quan tr\u1ecdng \u0111\u1ec3 cung c\u1ea5p d\u1ecbch v\u1ee5 kh\u00e1ch h\u00e0ng tuy\u1ec7t v\u1eddi l\u00e0 d\u1ef1 \u0111o\u00e1n v\u00e0 gi\u1ea3i quy\u1ebft nh\u1eefng th\u00e1ch th\u1ee9c v\u1ec1 y\u00eau c\u1ea7u v\u00e0\u2026<\/p>\n<\/div>\r\n\r\n\t\t\t\t\t\t\t\t\t\t\t\t\t\t\r\n\t\t\t\t\t\t<a href=\"https:\/\/eickelbergfortreasurer.com\/vi\/issues\/continuous-improvement\/\" class=\"info-btn\">\u0110\u1ecdc th\u00eam<\/a>\t\t\t\t\t\r\n\t\t\t\t\t<\/div>\r\n\t\t\t\t\t<\/div>\r\n\t\t\t\r\n\t\t\t\t\t\t\t\t\t\t\t\r\n\t\t\t\t\t<div class=\"item-carousel\">\r\n\t\t\t\t\t<div class=\"issue-item\">\r\n\t\t\t\t\t\r\n\t\t\t\t\t\r\n\t\t\t\t\t\t                        <figure>\r\n\t\t\t\t\t\t<a href=\"https:\/\/eickelbergfortreasurer.com\/vi\/issues\/community-engagement\/\" alt=\"img\" >\r\n\t\t\t\t\t\t\t<img decoding=\"async\"  src=\"https:\/\/eickelbergfortreasurer.com\/wp-content\/uploads\/2023\/06\/Untitled-design-35-1-360x260.png\"   alt='Community Engagement'  \/>\t\t\t\t\t\t<\/a>\r\n                        <\/figure>\r\n\t\t\t\t\t\t\t\t\t\t\t\t\r\n\t\t\t\t\t\t\t<h5 class=\"issue-name\"><a href=\"https:\/\/eickelbergfortreasurer.com\/vi\/issues\/community-engagement\/\">S\u1ef1 tham gia c\u1ee7a c\u1ed9ng \u0111\u1ed3ng<\/a><\/h5>\r\n\t\t\t\t\t\t\t\r\n\t\t\t\t\t\t\t\r\n\t\t\t\t\t\t\t<div class=\"cp-member-about\"><p>T\u00f4i lu\u00f4n n\u1ed7 l\u1ef1c k\u1ebft n\u1ed1i v\u1edbi t\u1ea5t c\u1ea3 c\u00e1c c\u1ed9ng \u0111\u1ed3ng \u0111a d\u1ea1ng c\u1ee7a Qu\u1eadn Loudoun v\u00e0 l\u1eafng nghe nhu c\u1ea7u c\u0169ng nh\u01b0 m\u1ed1i quan t\u00e2m c\u1ee7a h\u1ecd\u2026<\/p>\n<\/div>\r\n\r\n\t\t\t\t\t\t\t\t\t\t\t\t\t\t\r\n\t\t\t\t\t\t<a href=\"https:\/\/eickelbergfortreasurer.com\/vi\/issues\/community-engagement\/\" class=\"info-btn\">\u0110\u1ecdc th\u00eam<\/a>\t\t\t\t\t\r\n\t\t\t\t\t<\/div>\r\n\t\t\t\t\t<\/div>\r\n\t\t\t\r\n\t\t\t\t\t\t\t\t\t\t\t\r\n\t\t\t\t\t<div class=\"item-carousel\">\r\n\t\t\t\t\t<div class=\"issue-item\">\r\n\t\t\t\t\t\r\n\t\t\t\t\t\r\n\t\t\t\t\t\t                        <figure>\r\n\t\t\t\t\t\t<a href=\"https:\/\/eickelbergfortreasurer.com\/vi\/issues\/financial-stewardship\/\" alt=\"img\" >\r\n\t\t\t\t\t\t\t<img decoding=\"async\"  src=\"https:\/\/eickelbergfortreasurer.com\/wp-content\/uploads\/2017\/11\/Untitled-design-34-360x260.png\"   alt='Financial Stewardship'  \/>\t\t\t\t\t\t<\/a>\r\n                        <\/figure>\r\n\t\t\t\t\t\t\t\t\t\t\t\t\r\n\t\t\t\t\t\t\t<h5 class=\"issue-name\"><a href=\"https:\/\/eickelbergfortreasurer.com\/vi\/issues\/financial-stewardship\/\">Qu\u1ea3n l\u00fd t\u00e0i ch\u00ednh<\/a><\/h5>\r\n\t\t\t\t\t\t\t\r\n\t\t\t\t\t\t\t\r\n\t\t\t\t\t\t\t<div class=\"cp-member-about\"><p>Qu\u1ea3n l\u00fd t\u00e0i ch\u00ednh l\u00e0 y\u1ebfu t\u1ed1 then ch\u1ed1t trong vi\u1ec7c qu\u1ea3n l\u00fd ngu\u1ed3n t\u00e0i ch\u00ednh c\u1ee7a Qu\u1eadn Loudoun m\u1ed9t c\u00e1ch hi\u1ec7u qu\u1ea3 v\u00e0 c\u00f3 tr\u00e1ch nhi\u1ec7m\u2026<\/p>\n<\/div>\r\n\r\n\t\t\t\t\t\t\t\t\t\t\t\t\t\t\r\n\t\t\t\t\t\t<a href=\"https:\/\/eickelbergfortreasurer.com\/vi\/issues\/financial-stewardship\/\" class=\"info-btn\">\u0110\u1ecdc th\u00eam<\/a>\t\t\t\t\t\r\n\t\t\t\t\t<\/div>\r\n\t\t\t\t\t<\/div>\r\n\t\t\t\r\n\t\t\t\t\t\t\t\t<\/div>\r\n\t\t\t\t\r\n\t\t\t<\/div>\r\n\t\t\t            \r\n            \r\n\t\t<\/div>\r\n\r\n\t\t<\/div><\/div><\/div><div class=\"wpb_column vc_column_container vc_col-sm-12\"><div class=\"vc_column-inner\"><div class=\"wpb_wrapper\"><\/div><\/div><\/div><\/div>\n<\/section>","protected":false},"excerpt":{"rendered":"Commitment to Loudoun I am running for the position of Loudoun County Treasurer, and I am excited to share my platform with you. My platform is built on four key [...]","protected":false},"author":3,"featured_media":0,"parent":0,"menu_order":0,"comment_status":"closed","ping_status":"closed","template":"","meta":{"footnotes":""},"class_list":["post-2306","page","type-page","status-publish","hentry"],"_links":{"self":[{"href":"https:\/\/eickelbergfortreasurer.com\/vi\/wp-json\/wp\/v2\/pages\/2306","targetHints":{"allow":["GET"]}}],"collection":[{"href":"https:\/\/eickelbergfortreasurer.com\/vi\/wp-json\/wp\/v2\/pages"}],"about":[{"href":"https:\/\/eickelbergfortreasurer.com\/vi\/wp-json\/wp\/v2\/types\/page"}],"author":[{"embeddable":true,"href":"https:\/\/eickelbergfortreasurer.com\/vi\/wp-json\/wp\/v2\/users\/3"}],"replies":[{"embeddable":true,"href":"https:\/\/eickelbergfortreasurer.com\/vi\/wp-json\/wp\/v2\/comments?post=2306"}],"version-history":[{"count":8,"href":"https:\/\/eickelbergfortreasurer.com\/vi\/wp-json\/wp\/v2\/pages\/2306\/revisions"}],"predecessor-version":[{"id":2626,"href":"https:\/\/eickelbergfortreasurer.com\/vi\/wp-json\/wp\/v2\/pages\/2306\/revisions\/2626"}],"wp:attachment":[{"href":"https:\/\/eickelbergfortreasurer.com\/vi\/wp-json\/wp\/v2\/media?parent=2306"}],"curies":[{"name":"wp","href":"https:\/\/api.w.org\/{rel}","templated":true}]}}