{"id":2063,"date":"2017-11-03T10:48:02","date_gmt":"2017-11-03T10:48:02","guid":{"rendered":"http:\/\/des.hhos.ru.s26.hhos.ru\/wp\/?page_id=24"},"modified":"2023-10-17T08:44:58","modified_gmt":"2023-10-17T12:44:58","slug":"about","status":"publish","type":"page","link":"https:\/\/eickelbergfortreasurer.com\/vi\/about\/","title":{"rendered":"G\u1eb7p g\u1ee1 Henry"},"content":{"rendered":"<section class=\"wpb-content-wrapper\"><div class=\"cp-section vc_row wpb_row vc_row-fluid\"><div class=\"wpb_column vc_column_container vc_col-sm-12\"><div class=\"vc_column-inner\"><div class=\"wpb_wrapper\"><h2 style=\"text-align: left\" class=\"vc_custom_heading\" >V\u1ec1 Henry<\/h2><div class=\"vc_empty_space\"   style=\"height: 32px\"><span class=\"vc_empty_space_inner\"><\/span><\/div><div class=\"vc_tta-container\" data-vc-action=\"collapse\" data-vc-tta-autoplay=\"{&quot;delay&quot;:10000}\"><div class=\"vc_general vc_tta vc_tta-tabs vc_tta-color-blue vc_tta-style-classic vc_tta-shape-round vc_tta-spacing-1 vc_tta-tabs-position-left vc_tta-controls-align-left\"><div class=\"vc_tta-tabs-container\"><ul class=\"vc_tta-tabs-list\"><li class=\"vc_tta-tab vc_active\" data-vc-tab><a href=\"#1687573273563-151898b2-3239\" data-vc-tabs data-vc-container=\".vc_tta\"><i class=\"vc_tta-icon fas fa-coins\"><\/i><span class=\"vc_tta-title-text\">L\u00e3nh \u0111\u1ea1o t\u00e0i ch\u00ednh v\u00e0 qu\u1ea3n l\u00fd gi\u00e0u kinh nghi\u1ec7m<\/span><\/a><\/li><li class=\"vc_tta-tab\" data-vc-tab><a href=\"#1687573273547-18471762-8914\" data-vc-tabs data-vc-container=\".vc_tta\"><i class=\"vc_tta-icon fas fa-users\"><\/i><span class=\"vc_tta-title-text\">Chuy\u00ean gia c\u1ed9ng t\u00e1c \u0111\u01b0\u1ee3c c\u00f4ng nh\u1eadn<\/span><\/a><\/li><li class=\"vc_tta-tab\" data-vc-tab><a href=\"#1687573574818-96a3e49e-5ac6\" data-vc-tabs data-vc-container=\".vc_tta\"><i class=\"vc_tta-icon fas fa-user-graduate\"><\/i><span class=\"vc_tta-title-text\">Nh\u00e0 gi\u00e1o d\u1ee5c \u0111\u1ea1t gi\u1ea3i th\u01b0\u1edfng<\/span><\/a><\/li><li class=\"vc_tta-tab\" data-vc-tab><a href=\"#1687780689664-c153e30a-75ca\" data-vc-tabs data-vc-container=\".vc_tta\"><i class=\"vc_tta-icon fas fa-hands-helping\"><\/i><span class=\"vc_tta-title-text\">Ng\u01b0\u1eddi ph\u1ee5c v\u1ee5 c\u1ed9ng \u0111\u1ed3ng t\u1eadn t\u1ee5y<\/span><\/a><\/li><li class=\"vc_tta-tab\" data-vc-tab><a href=\"#1687573638518-04ee2b56-11d7\" data-vc-tabs data-vc-container=\".vc_tta\"><i class=\"vc_tta-icon fas fa-book\"><\/i><span class=\"vc_tta-title-text\">N\u1ec1n t\u1ea3ng gi\u00e1o d\u1ee5c m\u1edf r\u1ed9ng<\/span><\/a><\/li><\/ul><\/div><div class=\"vc_tta-panels-container\"><div class=\"vc_tta-panels\"><div class=\"vc_tta-panel vc_active\" id=\"1687573273563-151898b2-3239\" data-vc-content=\".vc_tta-panel-body\"><div class=\"vc_tta-panel-heading\"><h4 class=\"vc_tta-panel-title\"><a href=\"#1687573273563-151898b2-3239\" data-vc-accordion data-vc-container=\".vc_tta-container\"><i class=\"vc_tta-icon fas fa-coins\"><\/i><span class=\"vc_tta-title-text\">L\u00e3nh \u0111\u1ea1o t\u00e0i ch\u00ednh v\u00e0 qu\u1ea3n l\u00fd gi\u00e0u kinh nghi\u1ec7m<\/span><\/a><\/h4><\/div><div class=\"vc_tta-panel-body\">\n\t<div class=\"wpb_text_column wpb_content_element\" >\n\t\t<div class=\"wpb_wrapper\">\n\t\t\t<p><img loading=\"lazy\" decoding=\"async\" class=\"size-medium wp-image-2529 alignleft\" src=\"https:\/\/eickelbergfortreasurer.com\/wp-content\/uploads\/2023\/06\/new-300x217.png\" alt=\"\" width=\"300\" height=\"217\" srcset=\"https:\/\/eickelbergfortreasurer.com\/wp-content\/uploads\/2023\/06\/new-300x217.png 300w, https:\/\/eickelbergfortreasurer.com\/wp-content\/uploads\/2023\/06\/new-360x260.png 360w, https:\/\/eickelbergfortreasurer.com\/wp-content\/uploads\/2023\/06\/new.png 375w\" sizes=\"auto, (max-width: 300px) 100vw, 300px\" \/><\/p>\n<ul>\n<li>Gi\u00e1m s\u00e1t danh m\u1ee5c \u0111\u1ea7u t\u01b0 tr\u1ecb gi\u00e1 h\u00e0ng t\u1ef7 \u0111\u00f4 la<\/li>\n<li class=\"p2\">Ho\u1ea1t \u0111\u1ed9ng t\u00e0i ch\u00ednh v\u00e0 k\u1ebf to\u00e1n \u0111\u01b0\u1ee3c gi\u00e1m s\u00e1t<\/li>\n<li class=\"p2\">Ch\u1ee9c n\u0103ng mua s\u1eafm v\u00e0 h\u1ee3p \u0111\u1ed3ng \u0111\u01b0\u1ee3c ch\u1ec9 \u0111\u1ea1o<\/li>\n<li class=\"p2\">Gi\u00e1m s\u00e1t c\u00e1c m\u1ed1i quan h\u1ec7 ng\u00e2n h\u00e0ng v\u00e0 l\u01b0u k\u00fd<span class=\"Apple-converted-space\">\u00a0<\/span><\/li>\n<\/ul>\n\n\t\t<\/div>\n\t<\/div>\n<\/div><\/div><div class=\"vc_tta-panel\" id=\"1687573273547-18471762-8914\" data-vc-content=\".vc_tta-panel-body\"><div class=\"vc_tta-panel-heading\"><h4 class=\"vc_tta-panel-title\"><a href=\"#1687573273547-18471762-8914\" data-vc-accordion data-vc-container=\".vc_tta-container\"><i class=\"vc_tta-icon fas fa-users\"><\/i><span class=\"vc_tta-title-text\">Chuy\u00ean gia c\u1ed9ng t\u00e1c \u0111\u01b0\u1ee3c c\u00f4ng nh\u1eadn<\/span><\/a><\/h4><\/div><div class=\"vc_tta-panel-body\">\n\t<div class=\"wpb_text_column wpb_content_element\" >\n\t\t<div class=\"wpb_wrapper\">\n\t\t\t<p><img loading=\"lazy\" decoding=\"async\" class=\"wp-image-2527 alignleft\" src=\"https:\/\/eickelbergfortreasurer.com\/wp-content\/uploads\/2023\/06\/Board-300x217.png\" alt=\"\" width=\"301\" height=\"218\" srcset=\"https:\/\/eickelbergfortreasurer.com\/wp-content\/uploads\/2023\/06\/Board-300x217.png 300w, https:\/\/eickelbergfortreasurer.com\/wp-content\/uploads\/2023\/06\/Board-360x260.png 360w, https:\/\/eickelbergfortreasurer.com\/wp-content\/uploads\/2023\/06\/Board.png 375w\" sizes=\"auto, (max-width: 301px) 100vw, 301px\" \/><\/p>\n<ul>\n<li>\u0110\u01b0\u1ee3c T\u1ed5ng th\u1ed1ng Obama b\u1ed5 nhi\u1ec7m v\u00e0o $125B T\u1ed5ng c\u00f4ng ty b\u1ea3o l\u00e3nh ph\u00fac l\u1ee3i h\u01b0u tr\u00ed (PBGC) <span class=\"s1\"><span class=\"s1\">\u1ee6y ban c\u1ed1 v\u1ea5n (2016)<\/span><\/span><\/li>\n<li class=\"p2\">\u0110\u01b0\u1ee3c b\u1ed5 nhi\u1ec7m l\u00e0m Ch\u1ee7 t\u1ecbch \u1ee6y ban C\u1ed1 v\u1ea5n PBGC <span class=\"Apple-converted-space\">b\u1edfi T\u1ed5ng th\u1ed1ng Trump (2019)<\/span><\/li>\n<li>K\u1ebft th\u00fac nhi\u1ec7m k\u1ef3 Ch\u1ee7 t\u1ecbch \u1ee6y ban C\u1ed1 v\u1ea5n PBGC d\u01b0\u1edbi th\u1eddi T\u1ed5ng th\u1ed1ng Biden (2022)<\/li>\n<\/ul>\n\n\t\t<\/div>\n\t<\/div>\n<\/div><\/div><div class=\"vc_tta-panel\" id=\"1687573574818-96a3e49e-5ac6\" data-vc-content=\".vc_tta-panel-body\"><div class=\"vc_tta-panel-heading\"><h4 class=\"vc_tta-panel-title\"><a href=\"#1687573574818-96a3e49e-5ac6\" data-vc-accordion data-vc-container=\".vc_tta-container\"><i class=\"vc_tta-icon fas fa-user-graduate\"><\/i><span class=\"vc_tta-title-text\">Nh\u00e0 gi\u00e1o d\u1ee5c \u0111\u1ea1t gi\u1ea3i th\u01b0\u1edfng<\/span><\/a><\/h4><\/div><div class=\"vc_tta-panel-body\">\n\t<div class=\"wpb_text_column wpb_content_element\" >\n\t\t<div class=\"wpb_wrapper\">\n\t\t\t<p><img loading=\"lazy\" decoding=\"async\" class=\"wp-image-2528 alignleft\" src=\"https:\/\/eickelbergfortreasurer.com\/wp-content\/uploads\/2023\/06\/Graduation.png\" alt=\"\" width=\"302\" height=\"218\" \/><\/p>\n<ul>\n<li>Ng\u01b0\u1eddi chi\u1ebfn th\u1eafng gi\u1ea3i th\u01b0\u1edfng Gi\u00e1o s\u01b0 th\u1ec9nh gi\u1ea3ng danh gi\u00e1 Charles Fahy t\u1ea1i Trung t\u00e2m Lu\u1eadt c\u1ee7a \u0110\u1ea1i h\u1ecdc Georgetown.<\/li>\n<li>Gi\u00e1o s\u01b0 th\u1ec9nh gi\u1ea3ng v\u1ec1 lu\u1eadt t\u1ea1i \u0110\u1ea1i h\u1ecdc Lu\u1eadt Georgetown v\u00e0 \u0110\u1ea1i h\u1ecdc Washington \u1edf St. Louis, hai trong s\u1ed1 20 tr\u01b0\u1eddng lu\u1eadt h\u00e0ng \u0111\u1ea7u t\u1ea1i Hoa K\u1ef3.<\/li>\n<\/ul>\n\n\t\t<\/div>\n\t<\/div>\n<\/div><\/div><div class=\"vc_tta-panel\" id=\"1687780689664-c153e30a-75ca\" data-vc-content=\".vc_tta-panel-body\"><div class=\"vc_tta-panel-heading\"><h4 class=\"vc_tta-panel-title\"><a href=\"#1687780689664-c153e30a-75ca\" data-vc-accordion data-vc-container=\".vc_tta-container\"><i class=\"vc_tta-icon fas fa-hands-helping\"><\/i><span class=\"vc_tta-title-text\">Ng\u01b0\u1eddi ph\u1ee5c v\u1ee5 c\u1ed9ng \u0111\u1ed3ng t\u1eadn t\u1ee5y<\/span><\/a><\/h4><\/div><div class=\"vc_tta-panel-body\">\n\t<div class=\"wpb_text_column wpb_content_element\" >\n\t\t<div class=\"wpb_wrapper\">\n\t\t\t<p><img loading=\"lazy\" decoding=\"async\" class=\"wp-image-2724 alignleft\" src=\"https:\/\/eickelbergfortreasurer.com\/wp-content\/uploads\/2023\/06\/Everybody-Wins.png\" alt=\"\" width=\"301\" height=\"218\" \/><\/p>\n<ul>\n<li>\u0110\u00e3 ph\u1ee5c v\u1ee5 h\u01a1n 10 n\u0103m v\u1edbi t\u01b0 c\u00e1ch l\u00e0 Th\u00e0nh vi\u00ean H\u1ed9i \u0111\u1ed3ng qu\u1ea3n tr\u1ecb c\u1ee7a Everybody Wins DC.<\/li>\n<li>\u0110\u00e3 quy\u00ean g\u00f3p \u0111\u01b0\u1ee3c h\u01a1n $150.000 \u0111\u00f4 la \u0111\u1ec3 h\u1ed7 tr\u1ee3 c\u00e1c ch\u01b0\u01a1ng tr\u00ecnh \u0111\u1ecdc s\u00e1ch do c\u00e1c t\u00ecnh nguy\u1ec7n vi\u00ean l\u00e3nh \u0111\u1ea1o d\u00e0nh cho h\u1ecdc sinh trung h\u1ecdc c\u01a1 s\u1edf c\u00f3 ho\u00e0n c\u1ea3nh kh\u00f3 kh\u0103n t\u1ea1i khu v\u1ef1c DC.<\/li>\n<\/ul>\n\n\t\t<\/div>\n\t<\/div>\n<\/div><\/div><div class=\"vc_tta-panel\" id=\"1687573638518-04ee2b56-11d7\" data-vc-content=\".vc_tta-panel-body\"><div class=\"vc_tta-panel-heading\"><h4 class=\"vc_tta-panel-title\"><a href=\"#1687573638518-04ee2b56-11d7\" data-vc-accordion data-vc-container=\".vc_tta-container\"><i class=\"vc_tta-icon fas fa-book\"><\/i><span class=\"vc_tta-title-text\">N\u1ec1n t\u1ea3ng gi\u00e1o d\u1ee5c m\u1edf r\u1ed9ng<\/span><\/a><\/h4><\/div><div class=\"vc_tta-panel-body\">\n\t<div class=\"wpb_text_column wpb_content_element\" >\n\t\t<div class=\"wpb_wrapper\">\n\t\t\t<ul>\n<li class=\"p2\">K\u1ebf to\u00e1n vi\u00ean c\u00f4ng ch\u1ee9ng, Illinois<\/li>\n<li class=\"p2\">B\u1eb1ng Lu\u1eadt Xu\u1ea5t S\u1eafc<\/li>\n<li>B\u1eb1ng Lu\u1eadt n\u00e2ng cao (LL.M v\u1ec1 Thu\u1ebf li\u00ean bang)<\/li>\n<li class=\"p2\">Lu\u1eadt s\u01b0 \u0111\u01b0\u1ee3c c\u1ea5p ph\u00e9p t\u1ea1i DC, Florida v\u00e0 Illinois (Kh\u00f4ng ho\u1ea1t \u0111\u1ed9ng)<\/li>\n<li>FINRA Series 65, K\u1ef3 thi Lu\u1eadt c\u1ed1 v\u1ea5n \u0111\u1ea7u t\u01b0 th\u1ed1ng nh\u1ea5t (Kh\u00f4ng ho\u1ea1t \u0111\u1ed9ng)<\/li>\n<li>Quy\u1ec1n b\u1ea3o m\u1eadt an ninh tuy\u1ec7t m\u1eadt c\u1ee7a Hoa K\u1ef3 (Kh\u00f4ng ho\u1ea1t \u0111\u1ed9ng)<\/li>\n<\/ul>\n\n\t\t<\/div>\n\t<\/div>\n<\/div><\/div><\/div><\/div><\/div><\/div><div class=\"vc_empty_space\"   style=\"height: 50px\"><span class=\"vc_empty_space_inner\"><\/span><\/div><\/div><\/div><\/div><\/div><div class=\"cp-section vc_row wpb_row vc_row-fluid\"><div class=\"wpb_column vc_column_container vc_col-sm-8\"><div class=\"vc_column-inner\"><div class=\"wpb_wrapper\">\n\t<div class=\"wpb_text_column wpb_content_element\" >\n\t\t<div class=\"wpb_wrapper\">\n\t\t\t<p>Henry v\u00e0 v\u1ee3, Kathy, \u0111\u00e3 k\u1ebft h\u00f4n \u0111\u01b0\u1ee3c 40 n\u0103m v\u00e0 s\u1ed1ng t\u1ea1i khu v\u1ef1c Leesburg. H\u1ecd c\u00f3 b\u1ed1n ng\u01b0\u1eddi con v\u00e0 b\u1ea3y ng\u01b0\u1eddi ch\u00e1u, hai ng\u01b0\u1eddi s\u1ed1ng t\u1ea1i Qu\u1eadn Loudoun, hai ng\u01b0\u1eddi c\u00f2n l\u1ea1i s\u1ed1ng t\u1ea1i Qu\u1eadn Clarke v\u00e0 Qu\u1eadn Fairfax. Kathy v\u00e0 Henry l\u00e0 th\u00e0nh vi\u00ean c\u1ee7a Nh\u00e0 th\u1edd Lutheran Good Shepherd \u1edf Herndon, VA.<\/p>\n<p>Sau khi ngh\u1ec9 h\u01b0u v\u1edbi t\u01b0 c\u00e1ch l\u00e0 Ph\u00f3 ch\u1ee7 t\u1ecbch t\u1eadp \u0111o\u00e0n ph\u1ee5 tr\u00e1ch ngu\u1ed3n nh\u00e2n l\u1ef1c v\u00e0 d\u1ecbch v\u1ee5 chung t\u1ea1i m\u1ed9t c\u00f4ng ty thu\u1ed9c Fortune 100, Henry \u0111\u01b0\u1ee3c T\u1ed5ng th\u1ed1ng Obama b\u1ed5 nhi\u1ec7m v\u00e0o n\u0103m 2016 l\u00e0m th\u00e0nh vi\u00ean c\u1ee7a \u1ee6y ban c\u1ed1 v\u1ea5n c\u1ee7a T\u1ed5ng c\u00f4ng ty b\u1ea3o l\u00e3nh ph\u00fac l\u1ee3i h\u01b0u tr\u00ed (PBGC). N\u0103m 2019, T\u1ed5ng th\u1ed1ng Trump \u0111\u00e3 b\u1ed5 nhi\u1ec7m \u00f4ng l\u00e0m Ch\u1ee7 t\u1ecbch \u1ee6y ban c\u1ed1 v\u1ea5n. Henry ti\u1ebfp t\u1ee5c gi\u1eef ch\u1ee9c ch\u1ee7 t\u1ecbch \u1ee6y ban c\u1ed1 v\u1ea5n cho T\u1ed5ng th\u1ed1ng Biden cho \u0111\u1ebfn khi h\u1ebft nhi\u1ec7m k\u1ef3 ba n\u0103m c\u1ee7a \u00f4ng v\u00e0o n\u0103m 2022. Trong th\u1eddi gian Henry l\u00e0m vi\u1ec7c t\u1ea1i \u1ee6y ban c\u1ed1 v\u1ea5n PBGC, C\u01a1 quan n\u00e0y \u0111\u00e3 chuy\u1ec3n t\u1eeb v\u1ecb th\u1ebf th\u00e2m h\u1ee5t \u0111\u00e1ng lo ng\u1ea1i sang th\u1eb7ng d\u01b0 t\u00e0i ch\u00ednh l\u00e0nh m\u1ea1nh.<\/p>\n<p>Henry \u0111\u00e3 c\u1ed1ng hi\u1ebfn s\u1ef1 nghi\u1ec7p c\u1ee7a m\u00ecnh \u0111\u1ec3 ph\u1ee5c v\u1ee5 c\u00f4ng ch\u00fang v\u00e0 \u0111\u00e3 l\u00e0m vi\u1ec7c d\u01b0\u1edbi th\u1eddi ba T\u1ed5ng th\u1ed1ng Hoa K\u1ef3, h\u1ee3p t\u00e1c v\u1edbi c\u00e1c nh\u00e0 l\u00e3nh \u0111\u1ea1o t\u1eeb c\u1ea3 hai ph\u00eda c\u1ee7a ch\u00ednh tr\u01b0\u1eddng. \u00d4ng l\u00e0 m\u1ed9t nh\u00e0 l\u00e3nh \u0111\u1ea1o c\u00f3 nguy\u00ean t\u1eafc v\u1edbi s\u1ef1 ch\u00ednh tr\u1ef1c kh\u00f4ng lay chuy\u1ec3n, cam k\u1ebft ph\u1ee5c v\u1ee5 c\u1ed9ng \u0111\u1ed3ng v\u1edbi s\u1ef1 minh b\u1ea1ch v\u00e0 tr\u00e1ch nhi\u1ec7m. Henry c\u00f3 th\u00e0nh t\u00edch xu\u1ea5t s\u1eafc trong vi\u1ec7c th\u00fac \u0111\u1ea9y gi\u00e1o d\u1ee5c t\u00e0i ch\u00ednh v\u00e0 trao quy\u1ec1n v\u00e0 \u0111am m\u00ea trao quy\u1ec1n cho c\u01b0 d\u00e2n \u0111\u1ec3 h\u1ecd \u0111\u01b0a ra quy\u1ebft \u0111\u1ecbnh s\u00e1ng su\u1ed1t v\u1ec1 t\u00e0i ch\u00ednh c\u00e1 nh\u00e2n c\u1ee7a m\u00ecnh.<\/p>\n<p>V\u1edbi kinh nghi\u1ec7m s\u00e2u r\u1ed9ng trong qu\u1ea3n l\u00fd t\u00e0i ch\u00ednh v\u00e0 c\u00f4ng ngh\u1ec7 th\u00f4ng tin, Henry cam k\u1ebft \u01b0u ti\u00ean qu\u1ea3n l\u00fd t\u00e0i ch\u00ednh hi\u1ec7u qu\u1ea3 v\u00e0 hi\u1ec7u su\u1ea5t, d\u1ecbch v\u1ee5 kh\u00e1ch h\u00e0ng xu\u1ea5t s\u1eafc, minh b\u1ea1ch v\u00e0 tr\u00e1ch nhi\u1ec7m gi\u1ea3i tr\u00ecnh n\u1ebfu \u0111\u01b0\u1ee3c b\u1ea7u l\u00e0m Th\u1ee7 qu\u1ef9. \u00d4ng s\u1ebd h\u1ee3p t\u00e1c v\u1edbi nhi\u1ec1u b\u00ean li\u00ean quan kh\u00e1c nhau \u0111\u1ec3 \u0111\u1ea3m b\u1ea3o l\u1ee3i \u00edch t\u1ed1t nh\u1ea5t c\u1ee7a Qu\u1eadn Loudoun \u0111\u01b0\u1ee3c \u0111\u1eb7t l\u00ean h\u00e0ng \u0111\u1ea7u, g\u00f3p ph\u1ea7n v\u00e0o t\u00ednh b\u1ec1n v\u1eefng v\u00e0 ph\u00fac l\u1ee3i l\u00e2u d\u00e0i c\u1ee7a qu\u1eadn. Cam k\u1ebft c\u1ee7a Henry \u0111\u1ed1i v\u1edbi c\u00e1c gi\u1ea3i ph\u00e1p s\u00e1ng t\u1ea1o v\u00e0 chuy\u00ean m\u00f4n k\u1ef9 thu\u1eadt s\u1ebd g\u00f3p ph\u1ea7n gi\u1ea3i quy\u1ebft c\u00e1c th\u00e1ch th\u1ee9c khi ch\u00fang xu\u1ea5t hi\u1ec7n trong v\u0103n ph\u00f2ng Th\u1ee7 qu\u1ef9, b\u1ea3o v\u1ec7 d\u1eef li\u1ec7u c\u00e1 nh\u00e2n v\u00e0 \u0111\u1ea3m b\u1ea3o gi\u00e1m s\u00e1t t\u00e0i ch\u00ednh v\u00e0 h\u00e0nh ch\u00ednh ch\u1eb7t ch\u1ebd.<\/p>\n\n\t\t<\/div>\n\t<\/div>\n\r\n\t\t<div class=\"cp-button-container wpb_content_element cp-inline\">\r\n\t\t\t<a  class=\"cp-btn btn custom_btn btn-style-6 btn-medium\" href=\"https:\/\/eickelbergfortreasurer.com\/wp-content\/uploads\/2023\/07\/Henry-C-Eickelberg-Bio.pdf\" title=\"\">T\u00ecm hi\u1ec3u th\u00eam<\/a>\t\t<\/div>\r\n\r\n\t\t<div class=\"vc_empty_space\"   style=\"height: 15px\"><span class=\"vc_empty_space_inner\"><\/span><\/div>\r\n\t\t<blockquote class=\"cp-blockquote with-bg-2\">\r\n\t\t\t\t\t\t\t<p>\u201cT\u00f4i mu\u1ed1n m\u1ecdi c\u01b0 d\u00e2n Loudoun bi\u1ebft r\u1eb1ng t\u00f4i cam k\u1ebft ph\u1ee5c v\u1ee5 t\u1ea5t c\u1ea3 c\u1ed9ng \u0111\u1ed3ng \u1edf Loudoun.\u201d<\/p>\r\n\t\t\t\t\t\t\r\n\t\t\t\t\t\t<div class=\"author\">Henry Eickelberg<\/div>\r\n\t\t\t\r\n\t\t\t\t\t\t\t\t\r\n\t\t\t\t\t\t\r\n\t\t<\/blockquote>\t\r\n\t\t\r\n\t\t<\/div><\/div><\/div><div class=\"wpb_column vc_column_container vc_col-sm-4\"><div class=\"vc_column-inner\"><div class=\"wpb_wrapper\">\n\t<div  class=\"wpb_single_image wpb_content_element vc_align_left\">\n\t\t\n\t\t<figure class=\"wpb_wrapper vc_figure\">\n\t\t\t<div class=\"vc_single_image-wrapper   vc_box_border_grey\"><img loading=\"lazy\" decoding=\"async\" width=\"369\" height=\"1024\" src=\"https:\/\/eickelbergfortreasurer.com\/wp-content\/uploads\/2023\/06\/bio-page-369x1024.png\" class=\"vc_single_image-img attachment-large\" alt=\"\" title=\"trang ti\u1ec3u s\u1eed\" srcset=\"https:\/\/eickelbergfortreasurer.com\/wp-content\/uploads\/2023\/06\/bio-page-369x1024.png 369w, https:\/\/eickelbergfortreasurer.com\/wp-content\/uploads\/2023\/06\/bio-page-108x300.png 108w, https:\/\/eickelbergfortreasurer.com\/wp-content\/uploads\/2023\/06\/bio-page-553x1536.png 553w, https:\/\/eickelbergfortreasurer.com\/wp-content\/uploads\/2023\/06\/bio-page-737x2048.png 737w, https:\/\/eickelbergfortreasurer.com\/wp-content\/uploads\/2023\/06\/bio-page-600x1667.png 600w, https:\/\/eickelbergfortreasurer.com\/wp-content\/uploads\/2023\/06\/bio-page.png 765w\" sizes=\"auto, (max-width: 369px) 100vw, 369px\" \/><\/div>\n\t\t<\/figure>\n\t<\/div>\n<\/div><\/div><\/div><\/div><div class=\"cp-section vc_row wpb_row vc_row-fluid\"><div class=\"wpb_column vc_column_container vc_col-sm-12\"><div class=\"vc_column-inner\"><div class=\"wpb_wrapper\"><div class='wpb_content_element custom_share' >\t\t\t<div class=\"share-wrap style-1\"><span class=\"share-title\">Chia s\u1ebb \u0111i\u1ec1u n\u00e0y:<\/span>\r\n\r\n\t\t\t<ul class=\"social-icons share\">\r\n\r\n\t\t\t\t\t\t\t\t\t<li><a class=\"sh-facebook\" href=\"https:\/\/www.facebook.com\/sharer\/sharer.php?u=https:\/\/eickelbergfortreasurer.com\/vi\/about\/&amp;p&#091;images&#093;&#091;0&#093;=&amp;p&#091;title&#093;=Meet Henry\" target=\"_blank\"><i class=\"icon-facebook\"><\/i>Facebook<\/a><\/li>\r\n\t\t\t\t\r\n\t\t\t\t\t\t\t\t\t<li><a class=\"sh-twitter\" href=\"https:\/\/twitter.com\/intent\/tweet?text=Meet Henry&amp;url=https:\/\/eickelbergfortreasurer.com\/vi\/about\/\" target=\"_blank\"><i class=\"icon-twitter\"><\/i>Twitter<\/a><\/li>\r\n\t\t\t\t\r\n\t\t\t\t\t\t\t\t\t<li><a class=\"sh-google\"\" href=\"https:\/\/plus.google.com\/share?url=https:\/\/eickelbergfortreasurer.com\/vi\/about\/\" target=\"_blank\"><i class=\"icon-gplus-3\"><\/i>Google Plus<\/a><\/li>\r\n\t\t\t\t\r\n\t\t\t\t\r\n\t\t\t\t\t\t\t\t\t<li><a class=\"sh-mail\" href=\"mailto:?subject=Meet Henry&amp;body=https:\/\/eickelbergfortreasurer.com\/vi\/about\/\" target=\"_blank\"><i class=\"icon-mail\"><\/i>Email to a Friend<\/a><\/li>\r\n\t\t\t\t\r\n\t\t\t<\/ul>\r\n\r\n\t\t<\/div>\r\n\t\t\t<\/div><div class=\"vc_empty_space\"   style=\"height: 32px\"><span class=\"vc_empty_space_inner\"><\/span><\/div><\/div><\/div><\/div><\/div>\n<\/section>","protected":false},"excerpt":{"rendered":"About HenryExperienced Financial &amp; Managerial LeaderRecognized Collaborative ExpertAward Winning EducatorDedicated Community ServantExtensive Educational BackgroundExperienced Financial &amp; Managerial Leader Oversaw Multibillion Dollar Investment Portfolios Supervised Financial &amp; Accounting Operations Directed Contracting [...]","protected":false},"author":3,"featured_media":0,"parent":0,"menu_order":0,"comment_status":"closed","ping_status":"closed","template":"","meta":{"footnotes":""},"class_list":["post-2063","page","type-page","status-publish","hentry"],"_links":{"self":[{"href":"https:\/\/eickelbergfortreasurer.com\/vi\/wp-json\/wp\/v2\/pages\/2063","targetHints":{"allow":["GET"]}}],"collection":[{"href":"https:\/\/eickelbergfortreasurer.com\/vi\/wp-json\/wp\/v2\/pages"}],"about":[{"href":"https:\/\/eickelbergfortreasurer.com\/vi\/wp-json\/wp\/v2\/types\/page"}],"author":[{"embeddable":true,"href":"https:\/\/eickelbergfortreasurer.com\/vi\/wp-json\/wp\/v2\/users\/3"}],"replies":[{"embeddable":true,"href":"https:\/\/eickelbergfortreasurer.com\/vi\/wp-json\/wp\/v2\/comments?post=2063"}],"version-history":[{"count":112,"href":"https:\/\/eickelbergfortreasurer.com\/vi\/wp-json\/wp\/v2\/pages\/2063\/revisions"}],"predecessor-version":[{"id":2832,"href":"https:\/\/eickelbergfortreasurer.com\/vi\/wp-json\/wp\/v2\/pages\/2063\/revisions\/2832"}],"wp:attachment":[{"href":"https:\/\/eickelbergfortreasurer.com\/vi\/wp-json\/wp\/v2\/media?parent=2063"}],"curies":[{"name":"wp","href":"https:\/\/api.w.org\/{rel}","templated":true}]}}