{"id":2743,"date":"2023-06-27T11:30:56","date_gmt":"2023-06-27T15:30:56","guid":{"rendered":"https:\/\/eickelbergfortreasurer.com\/?page_id=2743"},"modified":"2025-02-02T15:49:16","modified_gmt":"2025-02-02T20:49:16","slug":"sign-up-for-updates","status":"publish","type":"page","link":"https:\/\/eickelbergfortreasurer.com\/tr\/sign-up-for-updates\/","title":{"rendered":"G\u00fcncellemeler i\u00e7in Kaydolun"},"content":{"rendered":"<section class=\"wpb-content-wrapper\"><div class=\"cp-section vc_row wpb_row vc_row-fluid\"><div class=\"wpb_column vc_column_container vc_col-sm-12\"><div class=\"vc_column-inner\"><div class=\"wpb_wrapper\"><\/div><\/div><\/div><\/div><div class=\"cp-section vc_row wpb_row vc_row-fluid\"><div class=\"wpb_column vc_column_container vc_col-sm-2\"><div class=\"vc_column-inner\"><div class=\"wpb_wrapper\"><\/div><\/div><\/div><div class=\"wpb_column vc_column_container vc_col-sm-8\"><div class=\"vc_column-inner\"><div class=\"wpb_wrapper\"><h2 style=\"color: #dd1a1a;text-align: left\" class=\"vc_custom_heading\" >G\u00fcncellemeler i\u00e7in Kaydolun<\/h2><h5 style=\"color: #3a3a3a;text-align: left\" class=\"vc_custom_heading\" >Kampanyam\u0131zla ba\u011flant\u0131da kal\u0131n. Deste\u011finiz i\u00e7in te\u015fekk\u00fcr ederiz!<\/h5><\/div><\/div><\/div><div class=\"wpb_column vc_column_container vc_col-sm-2\"><div class=\"vc_column-inner\"><div class=\"wpb_wrapper\"><\/div><\/div><\/div><\/div><div class=\"cp-section vc_row wpb_row vc_row-fluid\"><div class=\"wpb_column vc_column_container vc_col-sm-2\"><div class=\"vc_column-inner\"><div class=\"wpb_wrapper\"><\/div><\/div><\/div><div class=\"wpb_column vc_column_container vc_col-sm-8\"><div class=\"vc_column-inner\"><div class=\"wpb_wrapper\"><div class=\"wpforms-container wpforms-container-full wpforms-render-modern\" id=\"wpforms-2736\"><form id=\"wpforms-form-2736\" class=\"wpforms-validate wpforms-form wpforms-ajax-form\" data-formid=\"2736\" method=\"post\" enctype=\"multipart\/form-data\" action=\"\/tr\/wp-json\/wp\/v2\/pages\/2743\" data-token=\"874eb73c81c658b2d8b320cb309a9173\" data-token-time=\"1776035576\" data-trp-original-action=\"\/tr\/wp-json\/wp\/v2\/pages\/2743\"><noscript class=\"wpforms-error-noscript\">Bu formu bitirebilmek i\u00e7in taray\u0131c\u0131n\u0131zda JavaScript&#039;i etkinle\u015ftirin.<\/noscript><div class=\"wpforms-hidden\" id=\"wpforms-error-noscript\">Bu formu bitirebilmek i\u00e7in taray\u0131c\u0131n\u0131zda JavaScript&#039;i etkinle\u015ftirin.<\/div><div class=\"wpforms-field-container\"><div id=\"wpforms-2736-field_4-container\" class=\"wpforms-field wpforms-field-email\" data-field-id=\"4\"><label class=\"wpforms-field-label\" for=\"wpforms-2736-field_4\">E-posta <span class=\"wpforms-required-label\" aria-hidden=\"true\">*<\/span><\/label><input type=\"email\" id=\"wpforms-2736-field_4\" class=\"wpforms-field-medium wpforms-field-required\" name=\"wpforms[fields][4]\" spellcheck=\"false\" aria-errormessage=\"wpforms-2736-field_4-error\" required><\/div><div id=\"wpforms-2736-field_11-container\" class=\"wpforms-field wpforms-field-number\" data-field-id=\"11\"><label class=\"wpforms-field-label\" for=\"wpforms-2736-field_11\">Zip <span class=\"wpforms-required-label\" aria-hidden=\"true\">*<\/span><\/label><input type=\"number\" id=\"wpforms-2736-field_11\" class=\"wpforms-field-medium wpforms-field-required\" name=\"wpforms[fields][11]\" aria-errormessage=\"wpforms-2736-field_11-error\" required><\/div><\/div><!-- .wpforms-field-container --><div class=\"wpforms-submit-container\" ><input type=\"hidden\" name=\"wpforms[id]\" value=\"2736\"><input type=\"hidden\" name=\"page_title\" value=\"\"><input type=\"hidden\" name=\"page_url\" value=\"https:\/\/eickelbergfortreasurer.com\/tr\/wp-json\/wp\/v2\/pages\/2743\"><button type=\"submit\" name=\"wpforms[submit]\" id=\"wpforms-submit-2736\" class=\"wpforms-submit\" data-alt-text=\"Sending...\" data-submit-text=\"Submit\" aria-live=\"assertive\" value=\"wpforms-submit\">G\u00f6nder<\/button><img loading=\"lazy\" decoding=\"async\" src=\"https:\/\/eickelbergfortreasurer.com\/wp-content\/plugins\/wpforms\/assets\/images\/submit-spin.svg\" class=\"wpforms-submit-spinner\" style=\"display: none;\" width=\"26\" height=\"26\" alt=\"Y\u00fckleniyor\"><\/div><input type=\"hidden\" name=\"trp-form-language\" value=\"tr\"\/><\/form><\/div>  <!-- .wpforms-container --><\/div><\/div><\/div><div class=\"wpb_column vc_column_container vc_col-sm-2\"><div class=\"vc_column-inner\"><div class=\"wpb_wrapper\"><\/div><\/div><\/div><\/div>\n<\/section>","protected":false},"excerpt":{"rendered":"Sign Up for UpdatesStay connected with our campaign. Thank you for your support!Bu formu bitirebilmek i\u00e7in taray\u0131c\u0131n\u0131zda JavaScript&#039;i etkinle\u015ftirin.Bu formu bitirebilmek i\u00e7in taray\u0131c\u0131n\u0131zda JavaScript&#039;i etkinle\u015ftirin.Email *Zip *Submit","protected":false},"author":3,"featured_media":0,"parent":0,"menu_order":0,"comment_status":"closed","ping_status":"closed","template":"","meta":{"footnotes":""},"class_list":["post-2743","page","type-page","status-publish","hentry"],"_links":{"self":[{"href":"https:\/\/eickelbergfortreasurer.com\/tr\/wp-json\/wp\/v2\/pages\/2743","targetHints":{"allow":["GET"]}}],"collection":[{"href":"https:\/\/eickelbergfortreasurer.com\/tr\/wp-json\/wp\/v2\/pages"}],"about":[{"href":"https:\/\/eickelbergfortreasurer.com\/tr\/wp-json\/wp\/v2\/types\/page"}],"author":[{"embeddable":true,"href":"https:\/\/eickelbergfortreasurer.com\/tr\/wp-json\/wp\/v2\/users\/3"}],"replies":[{"embeddable":true,"href":"https:\/\/eickelbergfortreasurer.com\/tr\/wp-json\/wp\/v2\/comments?post=2743"}],"version-history":[{"count":7,"href":"https:\/\/eickelbergfortreasurer.com\/tr\/wp-json\/wp\/v2\/pages\/2743\/revisions"}],"predecessor-version":[{"id":2924,"href":"https:\/\/eickelbergfortreasurer.com\/tr\/wp-json\/wp\/v2\/pages\/2743\/revisions\/2924"}],"wp:attachment":[{"href":"https:\/\/eickelbergfortreasurer.com\/tr\/wp-json\/wp\/v2\/media?parent=2743"}],"curies":[{"name":"wp","href":"https:\/\/api.w.org\/{rel}","templated":true}]}}