{"id":2306,"date":"2023-06-21T17:49:16","date_gmt":"2023-06-21T21:49:16","guid":{"rendered":"https:\/\/eickelbergfortreasurer.com\/?page_id=2306"},"modified":"2023-06-25T12:39:16","modified_gmt":"2023-06-25T16:39:16","slug":"priorities","status":"publish","type":"page","link":"https:\/\/eickelbergfortreasurer.com\/tr\/priorities\/","title":{"rendered":"\u00d6ncelikler"},"content":{"rendered":"<section class=\"wpb-content-wrapper\"><div class=\"cp-section vc_row wpb_row vc_row-fluid\"><div class=\"wpb_column vc_column_container vc_col-sm-12\"><div class=\"vc_column-inner\"><div class=\"wpb_wrapper\"><h2 style=\"text-align: left\" class=\"vc_custom_heading\" >Loudoun'a Ba\u011fl\u0131l\u0131k<\/h2><div class=\"vc_empty_space\"   style=\"height: 10px\"><span class=\"vc_empty_space_inner\"><\/span><\/div>\n\t<div class=\"wpb_text_column wpb_content_element\" >\n\t\t<div class=\"wpb_wrapper\">\n\t\t\t<p>Loudoun \u0130l\u00e7esi Saymanl\u0131\u011f\u0131 i\u00e7in adayl\u0131\u011f\u0131m\u0131 koyuyorum ve platformumu sizlerle payla\u015fmaktan heyecan duyuyorum. Platformum, her biri Loudoun \u0130l\u00e7esine a\u015fa\u011f\u0131daki konularda hizmet etme taahh\u00fcd\u00fcm\u00fc yans\u0131tan d\u00f6rt temel s\u00fctun \u00fczerine in\u015fa edilmi\u015ftir\u00a0<strong><em>m\u00fckemmeli\u0307yet, d\u00fcr\u00fcstl\u00fck ve \u015feffaflik<\/em><\/strong>. Bu s\u00fctunlar \u015funlar\u0131 i\u00e7erir:<\/p>\n\n\t\t<\/div>\n\t<\/div>\n<div class=\"vc_empty_space\"   style=\"height: 10px\"><span class=\"vc_empty_space_inner\"><\/span><\/div><\/div><\/div><\/div><div class=\"wpb_column vc_column_container vc_col-sm-12\"><div class=\"vc_column-inner\"><div class=\"wpb_wrapper\"><div class=\"vc_empty_space\"   style=\"height: 10px\"><span class=\"vc_empty_space_inner\"><\/span><\/div>\r\n\t\t<div class=\"wpb_content_element sp_issues_section\">\r\n\r\n\t\t\t\r\n\t\t\t\t\t\t<div class=\"carousel-type-2 content-element2\">\r\n\t\t\t\t<div class=\"owl-carousel content-element2\" data-max-items=\"4\" data-item-margin=\"30\">\r\n\t\t\t    \t\t\t\t\t\t\t\r\n\t\t\t\t\t<div class=\"item-carousel\">\r\n\t\t\t\t\t<div class=\"issue-item\">\r\n\t\t\t\t\t\r\n\t\t\t\t\t\r\n\t\t\t\t\t\t                        <figure>\r\n\t\t\t\t\t\t<a href=\"https:\/\/eickelbergfortreasurer.com\/tr\/issues\/effective-leadership\/\" alt=\"img\" >\r\n\t\t\t\t\t\t\t<img decoding=\"async\"  src=\"https:\/\/eickelbergfortreasurer.com\/wp-content\/uploads\/2023\/06\/Untitled-design-37-360x260.png\"   alt='Effective Leadership'  \/>\t\t\t\t\t\t<\/a>\r\n                        <\/figure>\r\n\t\t\t\t\t\t\t\t\t\t\t\t\r\n\t\t\t\t\t\t\t<h5 class=\"issue-name\"><a href=\"https:\/\/eickelbergfortreasurer.com\/tr\/issues\/effective-leadership\/\">Etkili Liderlik<\/a><\/h5>\r\n\t\t\t\t\t\t\t\r\n\t\t\t\t\t\t\t\r\n\t\t\t\t\t\t\t<div class=\"cp-member-about\"><p>Hem end\u00fcstride hem de kamuda b\u00fcy\u00fck, karma\u015f\u0131k finansal operasyonlar\u0131 denetleme konusunda geni\u015f deneyime sahibim.<\/p>\n<\/div>\r\n\r\n\t\t\t\t\t\t\t\t\t\t\t\t\t\t\r\n\t\t\t\t\t\t<a href=\"https:\/\/eickelbergfortreasurer.com\/tr\/issues\/effective-leadership\/\" class=\"info-btn\">Daha fazla bilgi edinin<\/a>\t\t\t\t\t\r\n\t\t\t\t\t<\/div>\r\n\t\t\t\t\t<\/div>\r\n\t\t\t\r\n\t\t\t\t\t\t\t\t\t\t\t\r\n\t\t\t\t\t<div class=\"item-carousel\">\r\n\t\t\t\t\t<div class=\"issue-item\">\r\n\t\t\t\t\t\r\n\t\t\t\t\t\r\n\t\t\t\t\t\t                        <figure>\r\n\t\t\t\t\t\t<a href=\"https:\/\/eickelbergfortreasurer.com\/tr\/issues\/continuous-improvement\/\" alt=\"img\" >\r\n\t\t\t\t\t\t\t<img decoding=\"async\"  src=\"https:\/\/eickelbergfortreasurer.com\/wp-content\/uploads\/2023\/06\/Untitled-design-36-360x260.png\"   alt='Continuous Improvement'  \/>\t\t\t\t\t\t<\/a>\r\n                        <\/figure>\r\n\t\t\t\t\t\t\t\t\t\t\t\t\r\n\t\t\t\t\t\t\t<h5 class=\"issue-name\"><a href=\"https:\/\/eickelbergfortreasurer.com\/tr\/issues\/continuous-improvement\/\">S\u00fcrekli \u0130yile\u015ftirme<\/a><\/h5>\r\n\t\t\t\t\t\t\t\r\n\t\t\t\t\t\t\t\r\n\t\t\t\t\t\t\t<div class=\"cp-member-about\"><p>M\u00fckemmel m\u00fc\u015fteri hizmeti sunman\u0131n kritik bir bile\u015feni, gereksinimlerdeki zorluklar\u0131 \u00f6ng\u00f6rmek ve ele almakt\u0131r...<\/p>\n<\/div>\r\n\r\n\t\t\t\t\t\t\t\t\t\t\t\t\t\t\r\n\t\t\t\t\t\t<a href=\"https:\/\/eickelbergfortreasurer.com\/tr\/issues\/continuous-improvement\/\" class=\"info-btn\">Daha fazla bilgi edinin<\/a>\t\t\t\t\t\r\n\t\t\t\t\t<\/div>\r\n\t\t\t\t\t<\/div>\r\n\t\t\t\r\n\t\t\t\t\t\t\t\t\t\t\t\r\n\t\t\t\t\t<div class=\"item-carousel\">\r\n\t\t\t\t\t<div class=\"issue-item\">\r\n\t\t\t\t\t\r\n\t\t\t\t\t\r\n\t\t\t\t\t\t                        <figure>\r\n\t\t\t\t\t\t<a href=\"https:\/\/eickelbergfortreasurer.com\/tr\/issues\/community-engagement\/\" alt=\"img\" >\r\n\t\t\t\t\t\t\t<img decoding=\"async\"  src=\"https:\/\/eickelbergfortreasurer.com\/wp-content\/uploads\/2023\/06\/Untitled-design-35-1-360x260.png\"   alt='Community Engagement'  \/>\t\t\t\t\t\t<\/a>\r\n                        <\/figure>\r\n\t\t\t\t\t\t\t\t\t\t\t\t\r\n\t\t\t\t\t\t\t<h5 class=\"issue-name\"><a href=\"https:\/\/eickelbergfortreasurer.com\/tr\/issues\/community-engagement\/\">Toplum Kat\u0131l\u0131m\u0131<\/a><\/h5>\r\n\t\t\t\t\t\t\t\r\n\t\t\t\t\t\t\t\r\n\t\t\t\t\t\t\t<div class=\"cp-member-about\"><p>Kendimi Loudoun County'nin t\u00fcm farkl\u0131 topluluklar\u0131yla ba\u011flant\u0131da kalmaya ve onlar\u0131n ihtiya\u00e7lar\u0131n\u0131 ve i\u015fbirliklerini dinlemeye adad\u0131m.<\/p>\n<\/div>\r\n\r\n\t\t\t\t\t\t\t\t\t\t\t\t\t\t\r\n\t\t\t\t\t\t<a href=\"https:\/\/eickelbergfortreasurer.com\/tr\/issues\/community-engagement\/\" class=\"info-btn\">Daha fazla bilgi edinin<\/a>\t\t\t\t\t\r\n\t\t\t\t\t<\/div>\r\n\t\t\t\t\t<\/div>\r\n\t\t\t\r\n\t\t\t\t\t\t\t\t\t\t\t\r\n\t\t\t\t\t<div class=\"item-carousel\">\r\n\t\t\t\t\t<div class=\"issue-item\">\r\n\t\t\t\t\t\r\n\t\t\t\t\t\r\n\t\t\t\t\t\t                        <figure>\r\n\t\t\t\t\t\t<a href=\"https:\/\/eickelbergfortreasurer.com\/tr\/issues\/financial-stewardship\/\" alt=\"img\" >\r\n\t\t\t\t\t\t\t<img decoding=\"async\"  src=\"https:\/\/eickelbergfortreasurer.com\/wp-content\/uploads\/2017\/11\/Untitled-design-34-360x260.png\"   alt='Financial Stewardship'  \/>\t\t\t\t\t\t<\/a>\r\n                        <\/figure>\r\n\t\t\t\t\t\t\t\t\t\t\t\t\r\n\t\t\t\t\t\t\t<h5 class=\"issue-name\"><a href=\"https:\/\/eickelbergfortreasurer.com\/tr\/issues\/financial-stewardship\/\">Finansal Y\u00f6netim<\/a><\/h5>\r\n\t\t\t\t\t\t\t\r\n\t\t\t\t\t\t\t\r\n\t\t\t\t\t\t\t<div class=\"cp-member-about\"><p>Mali y\u00f6netim, Loudoun County'nin mali kaynaklar\u0131n\u0131n verimli ve sorumlu bir \u015fekilde y\u00f6netilmesinde kilit bir unsurdur.<\/p>\n<\/div>\r\n\r\n\t\t\t\t\t\t\t\t\t\t\t\t\t\t\r\n\t\t\t\t\t\t<a href=\"https:\/\/eickelbergfortreasurer.com\/tr\/issues\/financial-stewardship\/\" class=\"info-btn\">Daha fazla bilgi edinin<\/a>\t\t\t\t\t\r\n\t\t\t\t\t<\/div>\r\n\t\t\t\t\t<\/div>\r\n\t\t\t\r\n\t\t\t\t\t\t\t\t<\/div>\r\n\t\t\t\t\r\n\t\t\t<\/div>\r\n\t\t\t            \r\n            \r\n\t\t<\/div>\r\n\r\n\t\t<\/div><\/div><\/div><div class=\"wpb_column vc_column_container vc_col-sm-12\"><div class=\"vc_column-inner\"><div class=\"wpb_wrapper\"><\/div><\/div><\/div><\/div>\n<\/section>","protected":false},"excerpt":{"rendered":"Commitment to Loudoun I am running for the position of Loudoun County Treasurer, and I am excited to share my platform with you. My platform is built on four key [...]","protected":false},"author":3,"featured_media":0,"parent":0,"menu_order":0,"comment_status":"closed","ping_status":"closed","template":"","meta":{"footnotes":""},"class_list":["post-2306","page","type-page","status-publish","hentry"],"_links":{"self":[{"href":"https:\/\/eickelbergfortreasurer.com\/tr\/wp-json\/wp\/v2\/pages\/2306","targetHints":{"allow":["GET"]}}],"collection":[{"href":"https:\/\/eickelbergfortreasurer.com\/tr\/wp-json\/wp\/v2\/pages"}],"about":[{"href":"https:\/\/eickelbergfortreasurer.com\/tr\/wp-json\/wp\/v2\/types\/page"}],"author":[{"embeddable":true,"href":"https:\/\/eickelbergfortreasurer.com\/tr\/wp-json\/wp\/v2\/users\/3"}],"replies":[{"embeddable":true,"href":"https:\/\/eickelbergfortreasurer.com\/tr\/wp-json\/wp\/v2\/comments?post=2306"}],"version-history":[{"count":8,"href":"https:\/\/eickelbergfortreasurer.com\/tr\/wp-json\/wp\/v2\/pages\/2306\/revisions"}],"predecessor-version":[{"id":2626,"href":"https:\/\/eickelbergfortreasurer.com\/tr\/wp-json\/wp\/v2\/pages\/2306\/revisions\/2626"}],"wp:attachment":[{"href":"https:\/\/eickelbergfortreasurer.com\/tr\/wp-json\/wp\/v2\/media?parent=2306"}],"curies":[{"name":"wp","href":"https:\/\/api.w.org\/{rel}","templated":true}]}}