{"id":2063,"date":"2017-11-03T10:48:02","date_gmt":"2017-11-03T10:48:02","guid":{"rendered":"http:\/\/des.hhos.ru.s26.hhos.ru\/wp\/?page_id=24"},"modified":"2023-10-17T08:44:58","modified_gmt":"2023-10-17T12:44:58","slug":"about","status":"publish","type":"page","link":"https:\/\/eickelbergfortreasurer.com\/tr\/about\/","title":{"rendered":"Henry ile Tan\u0131\u015f\u0131n"},"content":{"rendered":"<section class=\"wpb-content-wrapper\"><div class=\"cp-section vc_row wpb_row vc_row-fluid\"><div class=\"wpb_column vc_column_container vc_col-sm-12\"><div class=\"vc_column-inner\"><div class=\"wpb_wrapper\"><h2 style=\"text-align: left\" class=\"vc_custom_heading\" >Henry Hakk\u0131nda<\/h2><div class=\"vc_empty_space\"   style=\"height: 32px\"><span class=\"vc_empty_space_inner\"><\/span><\/div><div class=\"vc_tta-container\" data-vc-action=\"collapse\" data-vc-tta-autoplay=\"{&quot;delay&quot;:10000}\"><div class=\"vc_general vc_tta vc_tta-tabs vc_tta-color-blue vc_tta-style-classic vc_tta-shape-round vc_tta-spacing-1 vc_tta-tabs-position-left vc_tta-controls-align-left\"><div class=\"vc_tta-tabs-container\"><ul class=\"vc_tta-tabs-list\"><li class=\"vc_tta-tab vc_active\" data-vc-tab><a href=\"#1687573273563-151898b2-3239\" data-vc-tabs data-vc-container=\".vc_tta\"><i class=\"vc_tta-icon fas fa-coins\"><\/i><span class=\"vc_tta-title-text\">Deneyimli Finansal ve Y\u00f6netsel Lider<\/span><\/a><\/li><li class=\"vc_tta-tab\" data-vc-tab><a href=\"#1687573273547-18471762-8914\" data-vc-tabs data-vc-container=\".vc_tta\"><i class=\"vc_tta-icon fas fa-users\"><\/i><span class=\"vc_tta-title-text\">Tan\u0131nm\u0131\u015f \u0130\u015f Birli\u011fi Uzman\u0131<\/span><\/a><\/li><li class=\"vc_tta-tab\" data-vc-tab><a href=\"#1687573574818-96a3e49e-5ac6\" data-vc-tabs data-vc-container=\".vc_tta\"><i class=\"vc_tta-icon fas fa-user-graduate\"><\/i><span class=\"vc_tta-title-text\">\u00d6d\u00fcll\u00fc E\u011fitimci<\/span><\/a><\/li><li class=\"vc_tta-tab\" data-vc-tab><a href=\"#1687780689664-c153e30a-75ca\" data-vc-tabs data-vc-container=\".vc_tta\"><i class=\"vc_tta-icon fas fa-hands-helping\"><\/i><span class=\"vc_tta-title-text\">Kendini Topluma Adam\u0131\u015f Hizmetkar<\/span><\/a><\/li><li class=\"vc_tta-tab\" data-vc-tab><a href=\"#1687573638518-04ee2b56-11d7\" data-vc-tabs data-vc-container=\".vc_tta\"><i class=\"vc_tta-icon fas fa-book\"><\/i><span class=\"vc_tta-title-text\">Kapsaml\u0131 E\u011fitim Ge\u00e7mi\u015fi<\/span><\/a><\/li><\/ul><\/div><div class=\"vc_tta-panels-container\"><div class=\"vc_tta-panels\"><div class=\"vc_tta-panel vc_active\" id=\"1687573273563-151898b2-3239\" data-vc-content=\".vc_tta-panel-body\"><div class=\"vc_tta-panel-heading\"><h4 class=\"vc_tta-panel-title\"><a href=\"#1687573273563-151898b2-3239\" data-vc-accordion data-vc-container=\".vc_tta-container\"><i class=\"vc_tta-icon fas fa-coins\"><\/i><span class=\"vc_tta-title-text\">Deneyimli Finansal ve Y\u00f6netsel Lider<\/span><\/a><\/h4><\/div><div class=\"vc_tta-panel-body\">\n\t<div class=\"wpb_text_column wpb_content_element\" >\n\t\t<div class=\"wpb_wrapper\">\n\t\t\t<p><img loading=\"lazy\" decoding=\"async\" class=\"size-medium wp-image-2529 alignleft\" src=\"https:\/\/eickelbergfortreasurer.com\/wp-content\/uploads\/2023\/06\/new-300x217.png\" alt=\"\" width=\"300\" height=\"217\" srcset=\"https:\/\/eickelbergfortreasurer.com\/wp-content\/uploads\/2023\/06\/new-300x217.png 300w, https:\/\/eickelbergfortreasurer.com\/wp-content\/uploads\/2023\/06\/new-360x260.png 360w, https:\/\/eickelbergfortreasurer.com\/wp-content\/uploads\/2023\/06\/new.png 375w\" sizes=\"auto, (max-width: 300px) 100vw, 300px\" \/><\/p>\n<ul>\n<li>Milyar Dolarl\u0131k Yat\u0131r\u0131m Portf\u00f6ylerini Y\u00f6netti<\/li>\n<li class=\"p2\">Denetlenen Finans ve Muhasebe Operasyonlar\u0131<\/li>\n<li class=\"p2\">Y\u00f6nlendirilmi\u015f S\u00f6zle\u015fme ve Sat\u0131n Alma Fonksiyonlar\u0131<\/li>\n<li class=\"p2\">Saklama ve Bankac\u0131l\u0131k \u0130li\u015fkilerini Denetledi<span class=\"Apple-converted-space\">\u00a0<\/span><\/li>\n<\/ul>\n\n\t\t<\/div>\n\t<\/div>\n<\/div><\/div><div class=\"vc_tta-panel\" id=\"1687573273547-18471762-8914\" data-vc-content=\".vc_tta-panel-body\"><div class=\"vc_tta-panel-heading\"><h4 class=\"vc_tta-panel-title\"><a href=\"#1687573273547-18471762-8914\" data-vc-accordion data-vc-container=\".vc_tta-container\"><i class=\"vc_tta-icon fas fa-users\"><\/i><span class=\"vc_tta-title-text\">Tan\u0131nm\u0131\u015f \u0130\u015f Birli\u011fi Uzman\u0131<\/span><\/a><\/h4><\/div><div class=\"vc_tta-panel-body\">\n\t<div class=\"wpb_text_column wpb_content_element\" >\n\t\t<div class=\"wpb_wrapper\">\n\t\t\t<p><img loading=\"lazy\" decoding=\"async\" class=\"wp-image-2527 alignleft\" src=\"https:\/\/eickelbergfortreasurer.com\/wp-content\/uploads\/2023\/06\/Board-300x217.png\" alt=\"\" width=\"301\" height=\"218\" srcset=\"https:\/\/eickelbergfortreasurer.com\/wp-content\/uploads\/2023\/06\/Board-300x217.png 300w, https:\/\/eickelbergfortreasurer.com\/wp-content\/uploads\/2023\/06\/Board-360x260.png 360w, https:\/\/eickelbergfortreasurer.com\/wp-content\/uploads\/2023\/06\/Board.png 375w\" sizes=\"auto, (max-width: 301px) 100vw, 301px\" \/><\/p>\n<ul>\n<li>Ba\u015fkan Obama taraf\u0131ndan $125B Pension Benefit Guaranty Corporation'a (PBGC) atand\u0131 <span class=\"s1\"><span class=\"s1\">Dan\u0131\u015fma Kurulu (2016)<\/span><\/span><\/li>\n<li class=\"p2\">PBGC Dan\u0131\u015fma Komitesi Ba\u015fkanl\u0131\u011f\u0131na atand\u0131 <span class=\"Apple-converted-space\">Ba\u015fkan Trump (2019) taraf\u0131ndan<\/span><\/li>\n<li>Ba\u015fkan Biden d\u00f6neminde PBGC Dan\u0131\u015fma Komitesi Ba\u015fkan\u0131 olarak g\u00f6rev s\u00fcresi tamamland\u0131 (2022)<\/li>\n<\/ul>\n\n\t\t<\/div>\n\t<\/div>\n<\/div><\/div><div class=\"vc_tta-panel\" id=\"1687573574818-96a3e49e-5ac6\" data-vc-content=\".vc_tta-panel-body\"><div class=\"vc_tta-panel-heading\"><h4 class=\"vc_tta-panel-title\"><a href=\"#1687573574818-96a3e49e-5ac6\" data-vc-accordion data-vc-container=\".vc_tta-container\"><i class=\"vc_tta-icon fas fa-user-graduate\"><\/i><span class=\"vc_tta-title-text\">\u00d6d\u00fcll\u00fc E\u011fitimci<\/span><\/a><\/h4><\/div><div class=\"vc_tta-panel-body\">\n\t<div class=\"wpb_text_column wpb_content_element\" >\n\t\t<div class=\"wpb_wrapper\">\n\t\t\t<p><img loading=\"lazy\" decoding=\"async\" class=\"wp-image-2528 alignleft\" src=\"https:\/\/eickelbergfortreasurer.com\/wp-content\/uploads\/2023\/06\/Graduation.png\" alt=\"\" width=\"302\" height=\"218\" \/><\/p>\n<ul>\n<li>Georgetown \u00dcniversitesi Hukuk Merkezi'nde Prestijli Charles Fahy Se\u00e7kin Yard\u0131mc\u0131 Profes\u00f6r \u00d6d\u00fcl\u00fc sahibi.<\/li>\n<li>Louis'deki Georgetown Hukuk Fak\u00fcltesi ve Washington \u00dcniversitesi'nde Yard\u0131mc\u0131 Hukuk Profes\u00f6r\u00fc olarak g\u00f6rev yapm\u0131\u015ft\u0131r.<\/li>\n<\/ul>\n\n\t\t<\/div>\n\t<\/div>\n<\/div><\/div><div class=\"vc_tta-panel\" id=\"1687780689664-c153e30a-75ca\" data-vc-content=\".vc_tta-panel-body\"><div class=\"vc_tta-panel-heading\"><h4 class=\"vc_tta-panel-title\"><a href=\"#1687780689664-c153e30a-75ca\" data-vc-accordion data-vc-container=\".vc_tta-container\"><i class=\"vc_tta-icon fas fa-hands-helping\"><\/i><span class=\"vc_tta-title-text\">Kendini Topluma Adam\u0131\u015f Hizmetkar<\/span><\/a><\/h4><\/div><div class=\"vc_tta-panel-body\">\n\t<div class=\"wpb_text_column wpb_content_element\" >\n\t\t<div class=\"wpb_wrapper\">\n\t\t\t<p><img loading=\"lazy\" decoding=\"async\" class=\"wp-image-2724 alignleft\" src=\"https:\/\/eickelbergfortreasurer.com\/wp-content\/uploads\/2023\/06\/Everybody-Wins.png\" alt=\"\" width=\"301\" height=\"218\" \/><\/p>\n<ul>\n<li>10 y\u0131l\u0131 a\u015fk\u0131n bir s\u00fcre Everybody Wins DC Y\u00f6netim Kurulu \u00dcyesi olarak g\u00f6rev yapt\u0131.<\/li>\n<li>DC b\u00f6lgesindeki dezavantajl\u0131 ortaokul \u00f6\u011frencileri i\u00e7in g\u00f6n\u00fcll\u00fcler taraf\u0131ndan y\u00fcr\u00fct\u00fclen okuma programlar\u0131n\u0131 desteklemek amac\u0131yla $150.000'in \u00fczerinde ba\u011f\u0131\u015f topland\u0131.<\/li>\n<\/ul>\n\n\t\t<\/div>\n\t<\/div>\n<\/div><\/div><div class=\"vc_tta-panel\" id=\"1687573638518-04ee2b56-11d7\" data-vc-content=\".vc_tta-panel-body\"><div class=\"vc_tta-panel-heading\"><h4 class=\"vc_tta-panel-title\"><a href=\"#1687573638518-04ee2b56-11d7\" data-vc-accordion data-vc-container=\".vc_tta-container\"><i class=\"vc_tta-icon fas fa-book\"><\/i><span class=\"vc_tta-title-text\">Kapsaml\u0131 E\u011fitim Ge\u00e7mi\u015fi<\/span><\/a><\/h4><\/div><div class=\"vc_tta-panel-body\">\n\t<div class=\"wpb_text_column wpb_content_element\" >\n\t\t<div class=\"wpb_wrapper\">\n\t\t\t<ul>\n<li class=\"p2\">Yeminli Mali M\u00fc\u015favir, Illinois<\/li>\n<li class=\"p2\">\u00dcst\u00fcn Ba\u015far\u0131 ile Hukuk Derecesi<\/li>\n<li>\u0130leri Hukuk Derecesi (Federal Vergilendirme alan\u0131nda LL.M)<\/li>\n<li class=\"p2\">DC, Florida ve Illinois'de Lisansl\u0131 Avukat (Aktif De\u011fil)<\/li>\n<li>FINRA Seri 65, Tekd\u00fczen Yat\u0131r\u0131m Dan\u0131\u015fman\u0131 Kanunu S\u0131nav\u0131 (Aktif De\u011fil)<\/li>\n<li>\u00c7ok Gizli ABD G\u00fcvenlik \u0130zni (Aktif De\u011fil)<\/li>\n<\/ul>\n\n\t\t<\/div>\n\t<\/div>\n<\/div><\/div><\/div><\/div><\/div><\/div><div class=\"vc_empty_space\"   style=\"height: 50px\"><span class=\"vc_empty_space_inner\"><\/span><\/div><\/div><\/div><\/div><\/div><div class=\"cp-section vc_row wpb_row vc_row-fluid\"><div class=\"wpb_column vc_column_container vc_col-sm-8\"><div class=\"vc_column-inner\"><div class=\"wpb_wrapper\">\n\t<div class=\"wpb_text_column wpb_content_element\" >\n\t\t<div class=\"wpb_wrapper\">\n\t\t\t<p>Henry ve e\u015fi Kathy 40 y\u0131ld\u0131r evliler ve Leesburg b\u00f6lgesinde ya\u015f\u0131yorlar. D\u00f6rt \u00e7ocuklar\u0131 ve yedi torunlar\u0131 var; bunlardan ikisi Loudoun County'de, di\u011fer ikisi ise Clarke ve Fairfax County'de ya\u015f\u0131yor.  Kathy ve Henry, Herndon, VA'daki Good Shepherd Lutheran Kilisesi'nin \u00fcyeleridir.<\/p>\n<p>Henry, bir Fortune 100 \u015firketinde \u0130nsan Kaynaklar\u0131 ve Payla\u015f\u0131lan Hizmetler Kurumsal Ba\u015fkan Yard\u0131mc\u0131s\u0131 olarak emekli olduktan sonra, 2016 y\u0131l\u0131nda Ba\u015fkan Obama taraf\u0131ndan Emeklilik Fayda Garantisi Kurumu (PBGC) Dan\u0131\u015fma Komitesi \u00fcyesi olarak atand\u0131. Ba\u015fkan Trump, 2019 y\u0131l\u0131nda kendisini Dan\u0131\u015fma Komitesi Ba\u015fkan\u0131 olarak atad\u0131.  Henry, 2022'de \u00fc\u00e7 y\u0131ll\u0131k g\u00f6rev s\u00fcresinin dolmas\u0131na kadar Ba\u015fkan Biden ad\u0131na Dan\u0131\u015fma Komitesi Ba\u015fkan\u0131 olarak g\u00f6rev yapmaya devam etti. Henry'nin PBGC Dan\u0131\u015fma Komitesi'nde g\u00f6rev yapt\u0131\u011f\u0131 s\u00fcre boyunca, Kurum endi\u015fe verici bir a\u00e7\u0131k pozisyonundan sa\u011fl\u0131kl\u0131 bir mali fazlaya ge\u00e7ti.<\/p>\n<p>Kariyerini halka hizmet etmeye adam\u0131\u015f olan Henry, \u00fc\u00e7 ABD Ba\u015fkan\u0131 d\u00f6neminde \u00e7al\u0131\u015fm\u0131\u015f ve siyasi koridorun her iki taraf\u0131ndaki liderlerle i\u015fbirli\u011fi yapm\u0131\u015ft\u0131r. Kendisi, topluma \u015feffafl\u0131k ve hesap verebilirlikle hizmet etmeyi taahh\u00fct eden, sars\u0131lmaz bir d\u00fcr\u00fcstl\u00fc\u011fe sahip ilkeli bir liderdir. Henry, finansal e\u011fitim ve g\u00fc\u00e7lendirmeyi te\u015fvik etme konusunda g\u00fc\u00e7l\u00fc bir ge\u00e7mi\u015fe sahiptir ve sakinleri ki\u015fisel mali durumlar\u0131 hakk\u0131nda bilin\u00e7li kararlar vermeleri i\u00e7in g\u00fc\u00e7lendirme konusunda tutkuludur.<\/p>\n<p>Mali y\u00f6netim ve bilgi teknolojileri alan\u0131ndaki kapsaml\u0131 deneyimiyle Henry, Sayman olarak se\u00e7ilmesi halinde verimli ve etkin mali y\u00f6netim, m\u00fc\u015fteri hizmetlerinde m\u00fckemmellik, \u015feffafl\u0131k ve hesap verebilirli\u011fe \u00f6ncelik vermeyi taahh\u00fct etmektedir. Loudoun County'nin \u00e7\u0131karlar\u0131n\u0131n \u00f6n planda olmas\u0131n\u0131 sa\u011flamak i\u00e7in \u00e7e\u015fitli payda\u015flarla i\u015fbirli\u011fi i\u00e7inde \u00e7al\u0131\u015facak ve il\u00e7enin uzun vadeli s\u00fcrd\u00fcr\u00fclebilirli\u011fine ve refah\u0131na katk\u0131da bulunacakt\u0131r. Henry'nin yenilik\u00e7i \u00e7\u00f6z\u00fcmlere ve teknik uzmanl\u0131\u011fa olan ba\u011fl\u0131l\u0131\u011f\u0131, Saymanl\u0131k ofisinde ortaya \u00e7\u0131kan zorluklar\u0131n ele al\u0131nmas\u0131na, ki\u015fisel verilerin korunmas\u0131na ve sa\u011flam mali ve idari g\u00f6zetimin sa\u011flanmas\u0131na katk\u0131da bulunacakt\u0131r.<\/p>\n\n\t\t<\/div>\n\t<\/div>\n\r\n\t\t<div class=\"cp-button-container wpb_content_element cp-inline\">\r\n\t\t\t<a  class=\"cp-btn btn custom_btn btn-style-6 btn-medium\" href=\"https:\/\/eickelbergfortreasurer.com\/wp-content\/uploads\/2023\/07\/Henry-C-Eickelberg-Bio.pdf\" title=\"\">Daha Fazla Bilgi<\/a>\t\t<\/div>\r\n\r\n\t\t<div class=\"vc_empty_space\"   style=\"height: 15px\"><span class=\"vc_empty_space_inner\"><\/span><\/div>\r\n\t\t<blockquote class=\"cp-blockquote with-bg-2\">\r\n\t\t\t\t\t\t\t<p>\"Her Loudoun sakininin, Loudoun'un t\u00fcm topluluklar\u0131na hizmet etmeye kararl\u0131 oldu\u011fumu bilmesini istiyorum.\"<\/p>\r\n\t\t\t\t\t\t\r\n\t\t\t\t\t\t<div class=\"author\">Henry Eickelberg<\/div>\r\n\t\t\t\r\n\t\t\t\t\t\t\t\t\r\n\t\t\t\t\t\t\r\n\t\t<\/blockquote>\t\r\n\t\t\r\n\t\t<\/div><\/div><\/div><div class=\"wpb_column vc_column_container vc_col-sm-4\"><div class=\"vc_column-inner\"><div class=\"wpb_wrapper\">\n\t<div  class=\"wpb_single_image wpb_content_element vc_align_left\">\n\t\t\n\t\t<figure class=\"wpb_wrapper vc_figure\">\n\t\t\t<div class=\"vc_single_image-wrapper   vc_box_border_grey\"><img loading=\"lazy\" decoding=\"async\" width=\"369\" height=\"1024\" src=\"https:\/\/eickelbergfortreasurer.com\/wp-content\/uploads\/2023\/06\/bio-page-369x1024.png\" class=\"vc_single_image-img attachment-large\" alt=\"\" title=\"biyografi sayfas\u0131\" srcset=\"https:\/\/eickelbergfortreasurer.com\/wp-content\/uploads\/2023\/06\/bio-page-369x1024.png 369w, https:\/\/eickelbergfortreasurer.com\/wp-content\/uploads\/2023\/06\/bio-page-108x300.png 108w, https:\/\/eickelbergfortreasurer.com\/wp-content\/uploads\/2023\/06\/bio-page-553x1536.png 553w, https:\/\/eickelbergfortreasurer.com\/wp-content\/uploads\/2023\/06\/bio-page-737x2048.png 737w, https:\/\/eickelbergfortreasurer.com\/wp-content\/uploads\/2023\/06\/bio-page-600x1667.png 600w, https:\/\/eickelbergfortreasurer.com\/wp-content\/uploads\/2023\/06\/bio-page.png 765w\" sizes=\"auto, (max-width: 369px) 100vw, 369px\" \/><\/div>\n\t\t<\/figure>\n\t<\/div>\n<\/div><\/div><\/div><\/div><div class=\"cp-section vc_row wpb_row vc_row-fluid\"><div class=\"wpb_column vc_column_container vc_col-sm-12\"><div class=\"vc_column-inner\"><div class=\"wpb_wrapper\"><div class='wpb_content_element custom_share' >\t\t\t<div class=\"share-wrap style-1\"><span class=\"share-title\">Bunu payla\u015f\u0131n:<\/span>\r\n\r\n\t\t\t<ul class=\"social-icons share\">\r\n\r\n\t\t\t\t\t\t\t\t\t<li><a class=\"sh-facebook\" href=\"https:\/\/www.facebook.com\/sharer\/sharer.php?u=https:\/\/eickelbergfortreasurer.com\/tr\/about\/&amp;p&#091;images&#093;&#091;0&#093;=&amp;p&#091;title&#093;=Meet Henry\" target=\"_blank\"><i class=\"icon-facebook\"><\/i>Facebook<\/a><\/li>\r\n\t\t\t\t\r\n\t\t\t\t\t\t\t\t\t<li><a class=\"sh-twitter\" href=\"https:\/\/twitter.com\/intent\/tweet?text=Meet Henry&amp;url=https:\/\/eickelbergfortreasurer.com\/tr\/about\/\" target=\"_blank\"><i class=\"icon-twitter\"><\/i>Twitter<\/a><\/li>\r\n\t\t\t\t\r\n\t\t\t\t\t\t\t\t\t<li><a class=\"sh-google\"\" href=\"https:\/\/plus.google.com\/share?url=https:\/\/eickelbergfortreasurer.com\/tr\/about\/\" target=\"_blank\"><i class=\"icon-gplus-3\"><\/i>Google Plus<\/a><\/li>\r\n\t\t\t\t\r\n\t\t\t\t\r\n\t\t\t\t\t\t\t\t\t<li><a class=\"sh-mail\" href=\"mailto:?subject=Meet Henry&amp;body=https:\/\/eickelbergfortreasurer.com\/tr\/about\/\" target=\"_blank\"><i class=\"icon-mail\"><\/i>Email to a Friend<\/a><\/li>\r\n\t\t\t\t\r\n\t\t\t<\/ul>\r\n\r\n\t\t<\/div>\r\n\t\t\t<\/div><div class=\"vc_empty_space\"   style=\"height: 32px\"><span class=\"vc_empty_space_inner\"><\/span><\/div><\/div><\/div><\/div><\/div>\n<\/section>","protected":false},"excerpt":{"rendered":"About HenryExperienced Financial &amp; Managerial LeaderRecognized Collaborative ExpertAward Winning EducatorDedicated Community ServantExtensive Educational BackgroundExperienced Financial &amp; Managerial Leader Oversaw Multibillion Dollar Investment Portfolios Supervised Financial &amp; Accounting Operations Directed Contracting [...]","protected":false},"author":3,"featured_media":0,"parent":0,"menu_order":0,"comment_status":"closed","ping_status":"closed","template":"","meta":{"footnotes":""},"class_list":["post-2063","page","type-page","status-publish","hentry"],"_links":{"self":[{"href":"https:\/\/eickelbergfortreasurer.com\/tr\/wp-json\/wp\/v2\/pages\/2063","targetHints":{"allow":["GET"]}}],"collection":[{"href":"https:\/\/eickelbergfortreasurer.com\/tr\/wp-json\/wp\/v2\/pages"}],"about":[{"href":"https:\/\/eickelbergfortreasurer.com\/tr\/wp-json\/wp\/v2\/types\/page"}],"author":[{"embeddable":true,"href":"https:\/\/eickelbergfortreasurer.com\/tr\/wp-json\/wp\/v2\/users\/3"}],"replies":[{"embeddable":true,"href":"https:\/\/eickelbergfortreasurer.com\/tr\/wp-json\/wp\/v2\/comments?post=2063"}],"version-history":[{"count":112,"href":"https:\/\/eickelbergfortreasurer.com\/tr\/wp-json\/wp\/v2\/pages\/2063\/revisions"}],"predecessor-version":[{"id":2832,"href":"https:\/\/eickelbergfortreasurer.com\/tr\/wp-json\/wp\/v2\/pages\/2063\/revisions\/2832"}],"wp:attachment":[{"href":"https:\/\/eickelbergfortreasurer.com\/tr\/wp-json\/wp\/v2\/media?parent=2063"}],"curies":[{"name":"wp","href":"https:\/\/api.w.org\/{rel}","templated":true}]}}